{"id":7522,"date":"2020-02-07T12:51:11","date_gmt":"2020-02-07T12:51:11","guid":{"rendered":"https:\/\/encouragement-public.org\/delegation-belgique\/?page_id=7522"},"modified":"2020-07-25T17:46:07","modified_gmt":"2020-07-25T17:46:07","slug":"recevoir-et-donner","status":"publish","type":"page","link":"https:\/\/encouragement-public.org\/delegation-belgique\/recevoir-et-donner\/","title":{"rendered":"RECEVOIR ET DONNER"},"content":{"rendered":"<div class=\"wpb-content-wrapper\"><p>[vc_row parallax=&#8221;enable_parallax&#8221; bg_position=&#8221;right top&#8221; bg_attachment=&#8221;inherit&#8221; parallax_content=&#8221;parallax_content_value&#8221; responsive_css=&#8221;padding_bottom_medium:180px&#8221; css=&#8221;.vc_custom_1590195842016{padding-bottom: 10% !important;background: #1aaf00 url(https:\/\/encouragement-public.org\/delegation-belgique\/wp-content\/uploads\/sites\/20\/2020\/05\/fond-1.png?id=8593);background-position: center;background-repeat: no-repeat !important;background-size: cover !important;}&#8221;][vc_column]<style>.ld_spacer_69f2aabfd7e20{height:64px;}<\/style>\n<div class=\"ld-empty-space ld_spacer_69f2aabfd7e20\"><span class=\"liquid_empty_space_inner\"><\/span><\/div><style>.ld_blog_69f2aabfd7f8b .liquid-blog-grid{margin-left:-15px;margin-right:-15px;}.ld_blog_69f2aabfd7f8b .liquid-blog-grid > div{padding-left:15px;padding-right:15px;}.ld_blog_69f2aabfd7f8b .liquid-blog-grid .liquid-lp{margin-bottom:30px;}.ld_blog_69f2aabfd7f8b .filter-list{margin-bottom:px;}.ld_blog_69f2aabfd7f8b .liquid-blog-item .liquid-lp-title,.ld_blog_69f2aabfd7f8b .liquid-lp .liquid-lp-title{margin-top:px;margin-bottom:px;}<\/style><div data-filter-id=\"1587396605235-d967e926-ef56\" class=\"liquid-blog-posts ld_blog_69f2aabfd7f8b 1587396605237-26f80420-35af \" data-post-per-page=\"10\">\r\n<div class=\"row\">\r\n\t<div class=\"col-md-12\">\t\t\t\t\t\r\n\t\t<div class=\"liquid-filter-items align-items-center \">\t\r\n\t\t\t<div class=\"liquid-filter-items\">\r\n\t\t\t\t\r\n\t\t\t\t\r\n\t\t\t\t<ul class=\"filter-list filter-list-inline filter-list-scheme-light    \" id=\"1587396605235-d967e926-ef56\">\r\n\t\t\t\t\t<li class=\"active\" data-filter=\"*\" data-filter-term-id=\"\"><span>TOUTES<\/span><\/li>\r\n\t\t\t\t\t<li data-filter=\".delegation-belgique\" data-filter-term-id=\"250\"><span>D\u00c9L\u00c9GATION BELGIQUE<\/span><\/li><li data-filter=\".delegation-bresil\" data-filter-term-id=\"251\"><span>D\u00c9L\u00c9GATION BR\u00c9SIL<\/span><\/li><li data-filter=\".delegation-bretagne\" data-filter-term-id=\"252\"><span>D\u00c9L\u00c9GATION BRETAGNE<\/span><\/li><li data-filter=\".delegation-guadeloupe\" data-filter-term-id=\"253\"><span>D\u00c9L\u00c9GATION GUADELOUPE<\/span><\/li><li data-filter=\".delegation-italie\" data-filter-term-id=\"254\"><span>D\u00c9L\u00c9GATION ITALIE<\/span><\/li><li data-filter=\".delegation-japon\" data-filter-term-id=\"255\"><span>D\u00c9L\u00c9GATION JAPON<\/span><\/li><li data-filter=\".delegation-madagascar\" data-filter-term-id=\"256\"><span>D\u00c9L\u00c9GATION MADAGASCAR<\/span><\/li><li data-filter=\".delegation-reunion\" data-filter-term-id=\"257\"><span>D\u00c9L\u00c9GATION R\u00c9UNION<\/span><\/li><li data-filter=\".delegation-suede\" data-filter-term-id=\"258\"><span>D\u00c9L\u00c9GATION SU\u00c8DE<\/span><\/li>\t\t\t\t<\/ul>\r\n\t\t\t\t\t\r\n\t\t\t\t\t\t\t\t\t\r\n\t\t\t\t\t\r\n\t\t\t<\/div><!-- \/.liquid-filter-items-inner -->\r\n\t\t<\/div><!-- \/.liquid-filter-items -->\r\n\t<\/div><!-- \/.col-md-12 -->\r\n<\/div><!-- \/.row --><div class=\"liquid-blog-grid liquid-blog-style-split row\" data-liquid-masonry=\"true\" data-masonry-options='{ \"stagger\": 50, \"hiddenStyle\": { \"transform\": \"translateY(100px)\", \"opacity\": 0 }, \"visibleStyle\": { \"transform\": \"translateY(0)\", \"opacity\": 1 }, \"filtersID\": \"#1587396605235-d967e926-ef56\" }'><\/div><!--\/ .row --><div class=\"liquid-pf-nav ld-pf-nav-ajax\"><div class=\"page-nav text-center\"><nav aria-label=\"Page navigation\"><a href=\"https:\/\/encouragement-public.org\/delegation-belgique\/wp-json\/wp\/v2\/pages\/7522\/page\/2\/?ajaxify=1\" rel=\"nofollow\" data-ajaxify=\"true\" data-ajaxify-options=\"{&quot;wrapper&quot;:&quot;.liquid-blog-posts.1587396605237-26f80420-35af &gt; .liquid-blog-grid&quot;,&quot;items&quot;:&quot;&gt; div&quot;,&quot;trigger&quot;:&quot;inview&quot;}\" class=\"ld-ajax-loadmore\"><span><span class=\"static\">Charger plus<\/span><span class=\"loading\"><span class=\"dots\"><span><\/span><span><\/span><span><\/span><\/span><span class=\"text-uppercase lts-sp-1\">Chargement<\/span><\/span><span class=\"all-loaded\">le chargement est termin\u00e9 <i class=\"fa fa-check\"><\/i><\/span><\/span><\/a><\/nav><\/div><\/div><\/div><!--\/ .liquid-blog-posts -->[\/vc_column][\/vc_row]<\/p>\n<\/div>","protected":false},"excerpt":{"rendered":"<p>[vc_row parallax=&#8221;enable_parallax&#8221; bg_position=&#8221;right top&#8221; bg_attachment=&#8221;inherit&#8221; parallax_content=&#8221;parallax_content_value&#8221; responsive_css=&#8221;padding_bottom_medium:180px&#8221; css=&#8221;.vc_custom_1590195842016{padding-bottom: 10% !important;background: #1aaf00 url(https:\/\/encouragement-public.org\/delegation-belgique\/wp-content\/uploads\/sites\/20\/2020\/05\/fond-1.png?id=8593);background-position: center;background-repeat: no-repeat !important;background-size:&#8230;<\/p>\n","protected":false},"author":1,"featured_media":0,"parent":0,"menu_order":0,"comment_status":"closed","ping_status":"closed","template":"","meta":{"footnotes":""},"class_list":["post-7522","page","type-page","status-publish","hentry"],"yoast_head":"<!-- This site is optimized with the Yoast SEO plugin v27.5 - https:\/\/yoast.com\/product\/yoast-seo-wordpress\/ -->\n<title>RECEVOIR ET DONNER - D\u00e9l\u00e9gation Belgique<\/title>\n<meta name=\"robots\" content=\"index, follow, max-snippet:-1, max-image-preview:large, max-video-preview:-1\" \/>\n<link rel=\"canonical\" href=\"https:\/\/encouragement-public.org\/delegation-belgique\/recevoir-et-donner\/\" \/>\n<meta property=\"og:locale\" content=\"fr_FR\" \/>\n<meta property=\"og:type\" content=\"article\" \/>\n<meta property=\"og:title\" content=\"RECEVOIR ET DONNER - D\u00e9l\u00e9gation Belgique\" \/>\n<meta property=\"og:description\" content=\"[vc_row parallax=&#8221;enable_parallax&#8221; bg_position=&#8221;right top&#8221; bg_attachment=&#8221;inherit&#8221; parallax_content=&#8221;parallax_content_value&#8221; responsive_css=&#8221;padding_bottom_medium:180px&#8221; css=&#8221;.vc_custom_1590195842016{padding-bottom: 10% !important;background: #1aaf00 url(https:\/\/encouragement-public.org\/delegation-belgique\/wp-content\/uploads\/sites\/20\/2020\/05\/fond-1.png?id=8593);background-position: center;background-repeat: no-repeat !important;background-size:...\" \/>\n<meta property=\"og:url\" content=\"https:\/\/encouragement-public.org\/delegation-belgique\/recevoir-et-donner\/\" \/>\n<meta property=\"og:site_name\" content=\"D\u00e9l\u00e9gation Belgique\" \/>\n<meta property=\"article:modified_time\" content=\"2020-07-25T17:46:07+00:00\" \/>\n<meta name=\"twitter:card\" content=\"summary_large_image\" \/>\n<meta name=\"twitter:label1\" content=\"Dur\u00e9e de lecture estim\u00e9e\" \/>\n\t<meta name=\"twitter:data1\" content=\"1 minute\" \/>\n<script type=\"application\/ld+json\" class=\"yoast-schema-graph\">{\"@context\":\"https:\\\/\\\/schema.org\",\"@graph\":[{\"@type\":\"WebPage\",\"@id\":\"https:\\\/\\\/encouragement-public.org\\\/delegation-belgique\\\/recevoir-et-donner\\\/\",\"url\":\"https:\\\/\\\/encouragement-public.org\\\/delegation-belgique\\\/recevoir-et-donner\\\/\",\"name\":\"RECEVOIR ET DONNER - D\u00e9l\u00e9gation Belgique\",\"isPartOf\":{\"@id\":\"https:\\\/\\\/encouragement-public.org\\\/delegation-belgique\\\/#website\"},\"datePublished\":\"2020-02-07T12:51:11+00:00\",\"dateModified\":\"2020-07-25T17:46:07+00:00\",\"breadcrumb\":{\"@id\":\"https:\\\/\\\/encouragement-public.org\\\/delegation-belgique\\\/recevoir-et-donner\\\/#breadcrumb\"},\"inLanguage\":\"fr-FR\",\"potentialAction\":[{\"@type\":\"ReadAction\",\"target\":[\"https:\\\/\\\/encouragement-public.org\\\/delegation-belgique\\\/recevoir-et-donner\\\/\"]}]},{\"@type\":\"BreadcrumbList\",\"@id\":\"https:\\\/\\\/encouragement-public.org\\\/delegation-belgique\\\/recevoir-et-donner\\\/#breadcrumb\",\"itemListElement\":[{\"@type\":\"ListItem\",\"position\":1,\"name\":\"Accueil\",\"item\":\"https:\\\/\\\/encouragement-public.org\\\/delegation-belgique\\\/\"},{\"@type\":\"ListItem\",\"position\":2,\"name\":\"RECEVOIR ET DONNER\"}]},{\"@type\":\"WebSite\",\"@id\":\"https:\\\/\\\/encouragement-public.org\\\/delegation-belgique\\\/#website\",\"url\":\"https:\\\/\\\/encouragement-public.org\\\/delegation-belgique\\\/\",\"name\":\"D\u00e9l\u00e9gation Belgique\",\"description\":\"Savoir r\u00e9compenser le m\u00e9rite\",\"potentialAction\":[{\"@type\":\"SearchAction\",\"target\":{\"@type\":\"EntryPoint\",\"urlTemplate\":\"https:\\\/\\\/encouragement-public.org\\\/delegation-belgique\\\/?s={search_term_string}\"},\"query-input\":{\"@type\":\"PropertyValueSpecification\",\"valueRequired\":true,\"valueName\":\"search_term_string\"}}],\"inLanguage\":\"fr-FR\"}]}<\/script>\n<!-- \/ Yoast SEO plugin. -->","yoast_head_json":{"title":"RECEVOIR ET DONNER - D\u00e9l\u00e9gation Belgique","robots":{"index":"index","follow":"follow","max-snippet":"max-snippet:-1","max-image-preview":"max-image-preview:large","max-video-preview":"max-video-preview:-1"},"canonical":"https:\/\/encouragement-public.org\/delegation-belgique\/recevoir-et-donner\/","og_locale":"fr_FR","og_type":"article","og_title":"RECEVOIR ET DONNER - D\u00e9l\u00e9gation Belgique","og_description":"[vc_row parallax=&#8221;enable_parallax&#8221; bg_position=&#8221;right top&#8221; bg_attachment=&#8221;inherit&#8221; parallax_content=&#8221;parallax_content_value&#8221; responsive_css=&#8221;padding_bottom_medium:180px&#8221; css=&#8221;.vc_custom_1590195842016{padding-bottom: 10% !important;background: #1aaf00 url(https:\/\/encouragement-public.org\/delegation-belgique\/wp-content\/uploads\/sites\/20\/2020\/05\/fond-1.png?id=8593);background-position: center;background-repeat: no-repeat !important;background-size:...","og_url":"https:\/\/encouragement-public.org\/delegation-belgique\/recevoir-et-donner\/","og_site_name":"D\u00e9l\u00e9gation Belgique","article_modified_time":"2020-07-25T17:46:07+00:00","twitter_card":"summary_large_image","twitter_misc":{"Dur\u00e9e de lecture estim\u00e9e":"1 minute"},"schema":{"@context":"https:\/\/schema.org","@graph":[{"@type":"WebPage","@id":"https:\/\/encouragement-public.org\/delegation-belgique\/recevoir-et-donner\/","url":"https:\/\/encouragement-public.org\/delegation-belgique\/recevoir-et-donner\/","name":"RECEVOIR ET DONNER - D\u00e9l\u00e9gation Belgique","isPartOf":{"@id":"https:\/\/encouragement-public.org\/delegation-belgique\/#website"},"datePublished":"2020-02-07T12:51:11+00:00","dateModified":"2020-07-25T17:46:07+00:00","breadcrumb":{"@id":"https:\/\/encouragement-public.org\/delegation-belgique\/recevoir-et-donner\/#breadcrumb"},"inLanguage":"fr-FR","potentialAction":[{"@type":"ReadAction","target":["https:\/\/encouragement-public.org\/delegation-belgique\/recevoir-et-donner\/"]}]},{"@type":"BreadcrumbList","@id":"https:\/\/encouragement-public.org\/delegation-belgique\/recevoir-et-donner\/#breadcrumb","itemListElement":[{"@type":"ListItem","position":1,"name":"Accueil","item":"https:\/\/encouragement-public.org\/delegation-belgique\/"},{"@type":"ListItem","position":2,"name":"RECEVOIR ET DONNER"}]},{"@type":"WebSite","@id":"https:\/\/encouragement-public.org\/delegation-belgique\/#website","url":"https:\/\/encouragement-public.org\/delegation-belgique\/","name":"D\u00e9l\u00e9gation Belgique","description":"Savoir r\u00e9compenser le m\u00e9rite","potentialAction":[{"@type":"SearchAction","target":{"@type":"EntryPoint","urlTemplate":"https:\/\/encouragement-public.org\/delegation-belgique\/?s={search_term_string}"},"query-input":{"@type":"PropertyValueSpecification","valueRequired":true,"valueName":"search_term_string"}}],"inLanguage":"fr-FR"}]}},"_links":{"self":[{"href":"https:\/\/encouragement-public.org\/delegation-belgique\/wp-json\/wp\/v2\/pages\/7522","targetHints":{"allow":["GET"]}}],"collection":[{"href":"https:\/\/encouragement-public.org\/delegation-belgique\/wp-json\/wp\/v2\/pages"}],"about":[{"href":"https:\/\/encouragement-public.org\/delegation-belgique\/wp-json\/wp\/v2\/types\/page"}],"author":[{"embeddable":true,"href":"https:\/\/encouragement-public.org\/delegation-belgique\/wp-json\/wp\/v2\/users\/1"}],"replies":[{"embeddable":true,"href":"https:\/\/encouragement-public.org\/delegation-belgique\/wp-json\/wp\/v2\/comments?post=7522"}],"version-history":[{"count":1,"href":"https:\/\/encouragement-public.org\/delegation-belgique\/wp-json\/wp\/v2\/pages\/7522\/revisions"}],"predecessor-version":[{"id":9335,"href":"https:\/\/encouragement-public.org\/delegation-belgique\/wp-json\/wp\/v2\/pages\/7522\/revisions\/9335"}],"wp:attachment":[{"href":"https:\/\/encouragement-public.org\/delegation-belgique\/wp-json\/wp\/v2\/media?parent=7522"}],"curies":[{"name":"wp","href":"https:\/\/api.w.org\/{rel}","templated":true}]}}