{"id":9639,"date":"2020-10-04T19:15:32","date_gmt":"2020-10-04T19:15:32","guid":{"rendered":"https:\/\/encouragement-public.org\/delegation-bresil\/delegation-du-bresil\/"},"modified":"2021-05-02T16:53:15","modified_gmt":"2021-05-02T16:53:15","slug":"delegation-du-bresil","status":"publish","type":"page","link":"https:\/\/encouragement-public.org\/delegation-bresil\/delegation-du-bresil\/","title":{"rendered":"D\u00c9L\u00c9GATION DU BR\u00c9SIL"},"content":{"rendered":"<div class=\"wpb-content-wrapper\"><p>[vc_row][vc_column]<style>.ld_spacer_69f4c13643b00{height:64px;}<\/style>\n<div class=\"ld-empty-space ld_spacer_69f4c13643b00\"><span class=\"liquid_empty_space_inner\"><\/span><\/div>[vc_custom_heading text=&#8221;D\u00c9L\u00c9GATION DU BR\u00c9SIL&#8221; font_container=&#8221;tag:h1|text_align:left|color:%2356bf33&#8243; css=&#8221;.vc_custom_1614700547267{background-color: rgba(255,255,255,0.01) !important;*background-color: rgb(255,255,255) !important;}&#8221;][vc_column_text]\t\t\t<!-- Flexy Breadcrumb -->\r\n\t\t\t<div class=\"fbc fbc-page\">\r\n\r\n\t\t\t\t<!-- Breadcrumb wrapper -->\r\n\t\t\t\t<div class=\"fbc-wrap\">\r\n\r\n\t\t\t\t\t<!-- Ordered list-->\r\n\t\t\t\t\t<ol class=\"fbc-items\" itemscope itemtype=\"https:\/\/schema.org\/BreadcrumbList\">\r\n\t\t\t\t\t\t            <li itemprop=\"itemListElement\" itemscope itemtype=\"https:\/\/schema.org\/ListItem\">\r\n                <span itemprop=\"name\">\r\n                    <!-- Home Link -->\r\n                    <a itemprop=\"item\" href=\"https:\/\/encouragement-public.org\/delegation-bresil\">\r\n                    \r\n                        ACCUEIL                    <\/a>\r\n                <\/span>\r\n                <meta itemprop=\"position\" content=\"1\" \/><!-- Meta Position-->\r\n             <\/li><li><span class=\"fbc-separator\"> > <\/span><\/li><li class=\"active\" itemprop=\"itemListElement\" itemscope itemtype=\"https:\/\/schema.org\/ListItem\"><span itemprop=\"name\" title=\"D\u00c9L\u00c9GATION DU BR\u00c9SIL\">D\u00c9L\u00c9GATION DU BR\u00c9SIL<\/span><meta itemprop=\"position\" content=\"2\" \/><\/li>\t\t\t\t\t<\/ol>\r\n\t\t\t\t\t<div class=\"clearfix\"><\/div>\r\n\t\t\t\t<\/div>\r\n\t\t\t<\/div>\r\n\t\t\t[\/vc_column_text][\/vc_column][\/vc_row][vc_row gap=&#8221;10&#8243; enable_loading_bg=&#8221;yes&#8221; bg_position=&#8221;center center&#8221; css=&#8221;.vc_custom_1601892538895{padding-top: 5% !important;padding-right: 5% !important;padding-bottom: 5% !important;padding-left: 5% !important;background-position: center !important;background-repeat: no-repeat !important;background-size: cover !important;}&#8221;][vc_column width=&#8221;2\/3&#8243; enable_column_shadowbox=&#8221;yes&#8221; css=&#8221;.vc_custom_1590966035151{padding-top: 5% !important;padding-right: 5% !important;padding-bottom: 5% !important;padding-left: 5% !important;background-color: rgba(255,255,255,0.9) !important;*background-color: rgb(255,255,255) !important;}&#8221; column_box_shadow=&#8221;%5B%7B%22inset%22%3A%22inset%22%2C%22x_offset%22%3A%223%22%2C%22y_offset%22%3A%223%22%2C%22blur_radius%22%3A%223%22%2C%22spread_radius%22%3A%223%22%2C%22shadow_color%22%3A%22rgb(0%2C%200%2C%200)%22%7D%5D&#8221;]<style>.ld_spacer_69f4c13643cfc{height:32px;}<\/style>\n<div class=\"ld-empty-space ld_spacer_69f4c13643cfc\"><span class=\"liquid_empty_space_inner\"><\/span><\/div>[vc_row_inner][vc_column_inner width=&#8221;1\/2&#8243;][vc_single_image image=&#8221;9659&#8243; img_size=&#8221;full&#8221; alignment=&#8221;center&#8221;][\/vc_column_inner][vc_column_inner width=&#8221;1\/2&#8243;][vc_column_text]<strong>Nom :<\/strong> Br\u00e9sil (r\u00e9publique f\u00e9d\u00e9rative du Br\u00e9sil)<\/p>\n<p><strong>\u00a0Ancien noms :<\/strong> Monte Pascoal, l&#8217;\u00cele de Vera Cruz, Terra de Santa Cruz, Nova Lusit\u00e2nia, Cabralia, Empire du Br\u00e9sil, \u00c9tats-Unis du Br\u00e9sil<\/p>\n<p><strong>Histoire :<\/strong> D\u00e9couvert par Portugal dans l\u2019ann\u00e9e 1500, Colonie Portugaise de 1500 \u00e0 1807, Vice-royaume du Portugal de 1807 \u00e0 1822, Empire du Br\u00e9sil (ind\u00e9pendance) de 1822 \u00e0 1899,\u00a0 Br\u00e9sil\u00a0 r\u00e9publicain (\u00c9tats-Unis du Br\u00e9sil puis r\u00e9publique f\u00e9d\u00e9rative du Br\u00e9sil) depuis 1899.[\/vc_column_text][\/vc_column_inner][\/vc_row_inner]<style>.ld_spacer_69f4c13643d5e{height:32px;}<\/style>\n<div class=\"ld-empty-space ld_spacer_69f4c13643d5e\"><span class=\"liquid_empty_space_inner\"><\/span><\/div>[vc_row_inner][vc_column_inner width=&#8221;1\/2&#8243;][vc_column_text]<\/p>\n<h2><strong>G\u00e9ographie du Br\u00e9sil<\/strong><\/h2>\n<p><strong>Superficie Totale :<\/strong> 8 547 877 km2<\/p>\n<p>Le pays est de loin le plus grand d&#8217;Am\u00e9rique latine, couvrant pr\u00e8s de la moiti\u00e9 de la surface du continent sud-am\u00e9ricain. Le Br\u00e9sil est aussi le cinqui\u00e8me pays du monde en superficie.<\/p>\n<p>Sa taille, son relief, son climat et ses ressources naturelles font du Br\u00e9sil un pays g\u00e9ographiquement tr\u00e8s diversifi\u00e9.<\/p>\n<p>Le pays est divis\u00e9 en 26 \u00e9tats plus le District F\u00e9d\u00e9rale, agroupes en 5 grandes r\u00e9gions.<\/p>\n<p><strong>Point culminant :<\/strong> Pico da Neblina (2994m)<\/p>\n<p><strong>Population :<\/strong> 212 millions d\u2019habitants.<\/p>\n<p>Le climat du Br\u00e9sil comprend un large \u00e9ventail de conditions m\u00e9t\u00e9orologiques diverses, pouvant varier radicalement d&#8217;un \u00c9tat \u00e0 l&#8217;autre. N\u00e9anmoins, la plupart du pays est consid\u00e9r\u00e9 comme tropical.[\/vc_column_text][\/vc_column_inner][vc_column_inner width=&#8221;1\/2&#8243;][vc_single_image image=&#8221;9652&#8243; img_size=&#8221;full&#8221; add_caption=&#8221;yes&#8221; alignment=&#8221;center&#8221;][\/vc_column_inner][\/vc_row_inner]<style>.ld_spacer_69f4c13643da8{height:32px;}<\/style>\n<div class=\"ld-empty-space ld_spacer_69f4c13643da8\"><span class=\"liquid_empty_space_inner\"><\/span><\/div>[vc_media_grid element_width=&#8221;6&#8243; item=&#8221;mediaGrid_SimpleOverlay&#8221; grid_id=&#8221;vc_gid:1619974299632-dadc4104daf489a362b96ca95d0960a6-6&#8243; include=&#8221;9658,9657,9656,9655&#8243;][\/vc_column][vc_column width=&#8221;1\/3&#8243; enable_column_shadowbox=&#8221;yes&#8221; css=&#8221;.vc_custom_1590965255430{padding-top: 5% !important;padding-right: 5% !important;padding-bottom: 5% !important;padding-left: 5% !important;background-color: rgba(255,255,255,0.9) !important;*background-color: rgb(255,255,255) !important;}&#8221; column_box_shadow=&#8221;%5B%7B%22inset%22%3A%22inset%22%2C%22x_offset%22%3A%223%22%2C%22y_offset%22%3A%223%22%2C%22blur_radius%22%3A%223%22%2C%22spread_radius%22%3A%223%22%2C%22shadow_color%22%3A%22rgb(0%2C%200%2C%200)%22%7D%5D&#8221;]<style>.ld_spacer_69f4c13643df2{height:64px;}<\/style>\n<div class=\"ld-empty-space ld_spacer_69f4c13643df2\"><span class=\"liquid_empty_space_inner\"><\/span><\/div><div id=\"ld_team_member_69f4c13643e4b\" class=\"ld-tm d-flex flex-column text-center ld_team_member_69f4c13643e4b\">\n\n\t<div class=\"ld-tm-img mb-3 text-center\"><figure><img loading=\"lazy\" decoding=\"async\" width=\"460\" height=\"460\" src=\"https:\/\/encouragement-public.org\/delegation-bresil\/wp-content\/uploads\/sites\/25\/2021\/05\/Delege-Bresil-Roberto_Ortizl.jpg\" class=\"circle\" alt=\"\" srcset=\"https:\/\/encouragement-public.org\/delegation-bresil\/wp-content\/uploads\/sites\/25\/2021\/05\/Delege-Bresil-Roberto_Ortizl.jpg 460w, https:\/\/encouragement-public.org\/delegation-bresil\/wp-content\/uploads\/sites\/25\/2021\/05\/Delege-Bresil-Roberto_Ortizl-300x300.jpg 300w, https:\/\/encouragement-public.org\/delegation-bresil\/wp-content\/uploads\/sites\/25\/2021\/05\/Delege-Bresil-Roberto_Ortizl-150x150.jpg 150w\" sizes=\"auto, (max-width: 460px) 100vw, 460px\" \/><\/figure><\/div>\n\t<div class=\"ld-tm-info\">\n\n\t\t<h3 class=\"ld-tm-name size-sm font-weight-semibold mb-3\">Roberto Ortiz<\/h3>\t\t<h6 class=\"ld-tm-pos text-uppercase ltr-sp-175 font-weight-bold mb-3 color-primary\">D\u00c9L\u00c9GU\u00c9 DU BR\u00c9SIL<\/h6>\t\t\t\t<ul class=\"ld-tm-social social-icon branded-text mt-3\"><\/ul>\n\t<\/div><!-- \/.ld-tm-info -->\n\n\t\n<\/div><!-- \/.ld-team-member -->[vc_column_text]<\/p>\n<p style=\"text-align: center;\"><strong>Email : <\/strong><a href=\"ortiz@encouragement-public.org\">ortiz@encouragement-public.org<\/a><\/p>\n<p style=\"text-align: center;\"><strong>T\u00e9l :<\/strong> +33 (0)6&#8230;&#8230;<\/p>\n<p>[\/vc_column_text]<style>.ld_spacer_69f4c13644235{height:32px;}<\/style>\n<div class=\"ld-empty-space ld_spacer_69f4c13644235\"><span class=\"liquid_empty_space_inner\"><\/span><\/div>[vc_custom_heading text=&#8221;Contacter le D\u00e9l\u00e9gu\u00e9&#8221; font_container=&#8221;tag:h2|font_size:25|text_align:left|color:%23000000&#8243;]<style>.ld_spacer_69f4c136442a6{height:32px;}<\/style>\n<div class=\"ld-empty-space ld_spacer_69f4c136442a6\"><span class=\"liquid_empty_space_inner\"><\/span><\/div><style>.ld_cf7_69f4c13644336 input,.ld_cf7_69f4c13644336 textarea,.ld_cf7_69f4c13644336 .ui-selectmenu-button{font-size:14px;}.ld_cf7_69f4c13644336 input, .ld_cf7_69f4c13644336 select, .ld_cf7_69f4c13644336 textarea, .ld_cf7_69f4c13644336 .ui-selectmenu-button{color:rgb(3, 3, 3);}<\/style><div id=\"ld_cf7_69f4c13644336\" class=\"lqd-contact-form lqd-contact-form-inputs-md lqd-contact-form-inputs-round lqd-contact-form-button-bordered lqd-contact-form-button-border-thick lqd-contact-form-button-sm lqd-contact-form-button-circle ld_cf7_69f4c13644336\">\n\t\n<div class=\"wpcf7 no-js\" id=\"wpcf7-f9226-o1\" lang=\"fr-FR\" dir=\"ltr\" data-wpcf7-id=\"9226\">\n<div class=\"screen-reader-response\"><p role=\"status\" aria-live=\"polite\" aria-atomic=\"true\"><\/p> <ul><\/ul><\/div>\n<form action=\"\/delegation-bresil\/wp-json\/wp\/v2\/pages\/9639#wpcf7-f9226-o1\" method=\"post\" class=\"wpcf7-form init\" aria-label=\"Formulaire de contact\" novalidate=\"novalidate\" data-status=\"init\">\n<fieldset class=\"hidden-fields-container\"><input type=\"hidden\" name=\"_wpcf7\" value=\"9226\" \/><input type=\"hidden\" name=\"_wpcf7_version\" value=\"6.1.5\" \/><input type=\"hidden\" name=\"_wpcf7_locale\" value=\"fr_FR\" \/><input type=\"hidden\" name=\"_wpcf7_unit_tag\" value=\"wpcf7-f9226-o1\" \/><input type=\"hidden\" name=\"_wpcf7_container_post\" value=\"0\" \/><input type=\"hidden\" name=\"_wpcf7_posted_data_hash\" value=\"\" \/>\n<\/fieldset>\n<div class=\"row\">\n\t<p class=\"col-md-6\"><br \/>\n<span class=\"wpcf7-form-control-wrap\" data-name=\"first-name\"><input size=\"40\" maxlength=\"400\" class=\"wpcf7-form-control wpcf7-text wpcf7-validates-as-required\" aria-required=\"true\" aria-invalid=\"false\" placeholder=\"Votre pr\u00e9nom\" value=\"\" type=\"text\" name=\"first-name\" \/><\/span>\n\t<\/p>\n\t<p class=\"col-md-6\"><br \/>\n<span class=\"wpcf7-form-control-wrap\" data-name=\"your-name\"><input size=\"40\" maxlength=\"400\" class=\"wpcf7-form-control wpcf7-text wpcf7-validates-as-required\" aria-required=\"true\" aria-invalid=\"false\" placeholder=\"votre nom\" value=\"\" type=\"text\" name=\"your-name\" \/><\/span>\n\t<\/p>\n\t<p class=\"col-md-6\"><br \/>\n<span class=\"wpcf7-form-control-wrap\" data-name=\"your-email\"><input size=\"40\" maxlength=\"400\" class=\"wpcf7-form-control wpcf7-email wpcf7-validates-as-required wpcf7-text wpcf7-validates-as-email\" aria-required=\"true\" aria-invalid=\"false\" placeholder=\"email\" value=\"\" type=\"email\" name=\"your-email\" \/><\/span>\n\t<\/p>\n\t<p class=\"col-md-6\"><br \/>\n<span class=\"wpcf7-form-control-wrap\" data-name=\"your-subject\"><input size=\"40\" maxlength=\"400\" class=\"wpcf7-form-control wpcf7-text wpcf7-validates-as-required\" aria-required=\"true\" aria-invalid=\"false\" placeholder=\"objet\" value=\"\" type=\"text\" name=\"your-subject\" \/><\/span>\n\t<\/p>\n\t<p class=\"col-md-12\"><br \/>\n<span class=\"wpcf7-form-control-wrap\" data-name=\"your-message\"><textarea cols=\"10\" rows=\"4\" maxlength=\"2000\" class=\"wpcf7-form-control wpcf7-textarea wpcf7-validates-as-required\" aria-required=\"true\" aria-invalid=\"false\" placeholder=\"Message\" name=\"your-message\"><\/textarea><\/span>\n\t<\/p>\n\t<p class=\"col-md-12 text-md-right\"><br \/>\n<input class=\"wpcf7-form-control wpcf7-submit has-spinner\" type=\"submit\" value=\"ENVOYER\" \/>\n\t<\/p>\n<\/div><p style=\"display: none !important;\" class=\"akismet-fields-container\" data-prefix=\"_wpcf7_ak_\"><label>&#916;<textarea name=\"_wpcf7_ak_hp_textarea\" cols=\"45\" rows=\"8\" maxlength=\"100\"><\/textarea><\/label><input type=\"hidden\" id=\"ak_js_1\" name=\"_wpcf7_ak_js\" value=\"117\"\/><script type=\"text\/javascript\">\n\/* <![CDATA[ *\/\ndocument.getElementById( \"ak_js_1\" ).setAttribute( \"value\", ( new Date() ).getTime() );\n\/* ]]> *\/\n<\/script>\n<\/p><div class=\"wpcf7-response-output\" aria-hidden=\"true\"><\/div>\n<\/form>\n<\/div>\n<\/div><style>.ld_spacer_69f4c13644f45{height:32px;}<\/style>\n<div class=\"ld-empty-space ld_spacer_69f4c13644f45\"><span class=\"liquid_empty_space_inner\"><\/span><\/div>[vc_custom_heading text=&#8221;Adresse de la d\u00e9l\u00e9gation&#8221; font_container=&#8221;tag:h2|font_size:25|text_align:left|color:%23000000&#8243;]<style>.ld_spacer_69f4c13644fa1{height:32px;}<\/style>\n<div class=\"ld-empty-space ld_spacer_69f4c13644fa1\"><span class=\"liquid_empty_space_inner\"><\/span><\/div>[vc_column_text]Lorem ipsum dolor sit amet, consectetur adipiscing elit. Vestibulum luctus lectus semper ipsum efficitur molestie.[\/vc_column_text]<style>.ld_spacer_69f4c13644fe7{height:32px;}<\/style>\n<div class=\"ld-empty-space ld_spacer_69f4c13644fe7\"><span class=\"liquid_empty_space_inner\"><\/span><\/div>[vc_gmaps link=&#8221;#E-8_JTNDaWZyYW1lJTIwc3JjJTNEJTIyaHR0cHMlM0ElMkYlMkZ3d3cuZ29vZ2xlLmNvbSUyRm1hcHMlMkZlbWJlZCUzRnBiJTNEJTIxMW0xOCUyMTFtMTIlMjExbTMlMjExZDMxNzU0MzA4LjM1NjE0OTgyMiUyMTJkLTY5LjY4NjUxMDkyNzQ0MzklMjEzZC0xMy43MDI3OTcwMDg3NDgzMjMlMjEybTMlMjExZjAlMjEyZjAlMjEzZjAlMjEzbTIlMjExaTEwMjQlMjEyaTc2OCUyMTRmMTMuMSUyMTNtMyUyMTFtMiUyMTFzMHg5YzU5YzdlYmNjMjhjZiUyNTNBMHgyOTVhMTUwNmYyMjkzZTYzJTIxMnpRbkxEcVhOcGJBJTIxNWUwJTIxM20yJTIxMXNmciUyMTJzZnIlMjE0djE2MTQzMzkyMDk0MjUlMjE1bTIlMjExc2ZyJTIxMnNmciUyMiUyMHdpZHRoJTNEJTIyNjAwJTIyJTIwaGVpZ2h0JTNEJTIyNDUwJTIyJTIwc3R5bGUlM0QlMjJib3JkZXIlM0EwJTNCJTIyJTIwYWxsb3dmdWxsc2NyZWVuJTNEJTIyJTIyJTIwbG9hZGluZyUzRCUyMmxhenklMjIlM0UlM0MlMkZpZnJhbWUlM0U=&#8221;][\/vc_column][\/vc_row]<\/p>\n<\/div>","protected":false},"excerpt":{"rendered":"<p>[vc_row][vc_column][vc_custom_heading text=&#8221;D\u00c9L\u00c9GATION DU BR\u00c9SIL&#8221; font_container=&#8221;tag:h1|text_align:left|color:%2356bf33&#8243; css=&#8221;.vc_custom_1614700547267{background-color: rgba(255,255,255,0.01) !important;*background-color: rgb(255,255,255) !important;}&#8221;][vc_column_text][\/vc_column_text][\/vc_column][\/vc_row][vc_row gap=&#8221;10&#8243; enable_loading_bg=&#8221;yes&#8221; bg_position=&#8221;center center&#8221; css=&#8221;.vc_custom_1601892538895{padding-top:&#8230;<\/p>\n","protected":false},"author":1,"featured_media":0,"parent":0,"menu_order":0,"comment_status":"closed","ping_status":"closed","template":"","meta":{"footnotes":""},"class_list":["post-9639","page","type-page","status-publish","hentry"],"yoast_head":"<!-- This site is optimized with the Yoast SEO plugin v27.5 - https:\/\/yoast.com\/product\/yoast-seo-wordpress\/ -->\n<title>D\u00c9L\u00c9GATION DU BR\u00c9SIL - D\u00e9l\u00e9gation-Br\u00e9sil<\/title>\n<meta name=\"robots\" content=\"index, follow, max-snippet:-1, max-image-preview:large, max-video-preview:-1\" \/>\n<link rel=\"canonical\" href=\"https:\/\/encouragement-public.org\/delegation-bresil\/delegation-du-bresil\/\" \/>\n<meta property=\"og:locale\" content=\"fr_FR\" \/>\n<meta property=\"og:type\" content=\"article\" \/>\n<meta property=\"og:title\" content=\"D\u00c9L\u00c9GATION DU BR\u00c9SIL - D\u00e9l\u00e9gation-Br\u00e9sil\" \/>\n<meta property=\"og:description\" content=\"[vc_row][vc_column][vc_custom_heading text=&#8221;D\u00c9L\u00c9GATION DU BR\u00c9SIL&#8221; font_container=&#8221;tag:h1|text_align:left|color:%2356bf33&#8243; css=&#8221;.vc_custom_1614700547267{background-color: rgba(255,255,255,0.01) !important;*background-color: rgb(255,255,255) !important;}&#8221;][vc_column_text][\/vc_column_text][\/vc_column][\/vc_row][vc_row gap=&#8221;10&#8243; enable_loading_bg=&#8221;yes&#8221; bg_position=&#8221;center center&#8221; css=&#8221;.vc_custom_1601892538895{padding-top:...\" \/>\n<meta property=\"og:url\" content=\"https:\/\/encouragement-public.org\/delegation-bresil\/delegation-du-bresil\/\" \/>\n<meta property=\"og:site_name\" content=\"D\u00e9l\u00e9gation-Br\u00e9sil\" \/>\n<meta property=\"article:modified_time\" content=\"2021-05-02T16:53:15+00:00\" \/>\n<meta name=\"twitter:card\" content=\"summary_large_image\" \/>\n<meta name=\"twitter:label1\" content=\"Dur\u00e9e de lecture estim\u00e9e\" \/>\n\t<meta name=\"twitter:data1\" content=\"3 minutes\" \/>\n<script type=\"application\/ld+json\" class=\"yoast-schema-graph\">{\"@context\":\"https:\\\/\\\/schema.org\",\"@graph\":[{\"@type\":\"WebPage\",\"@id\":\"https:\\\/\\\/encouragement-public.org\\\/delegation-bresil\\\/delegation-du-bresil\\\/\",\"url\":\"https:\\\/\\\/encouragement-public.org\\\/delegation-bresil\\\/delegation-du-bresil\\\/\",\"name\":\"D\u00c9L\u00c9GATION DU BR\u00c9SIL - D\u00e9l\u00e9gation-Br\u00e9sil\",\"isPartOf\":{\"@id\":\"https:\\\/\\\/encouragement-public.org\\\/delegation-bresil\\\/#website\"},\"datePublished\":\"2020-10-04T19:15:32+00:00\",\"dateModified\":\"2021-05-02T16:53:15+00:00\",\"breadcrumb\":{\"@id\":\"https:\\\/\\\/encouragement-public.org\\\/delegation-bresil\\\/delegation-du-bresil\\\/#breadcrumb\"},\"inLanguage\":\"fr-FR\",\"potentialAction\":[{\"@type\":\"ReadAction\",\"target\":[\"https:\\\/\\\/encouragement-public.org\\\/delegation-bresil\\\/delegation-du-bresil\\\/\"]}]},{\"@type\":\"BreadcrumbList\",\"@id\":\"https:\\\/\\\/encouragement-public.org\\\/delegation-bresil\\\/delegation-du-bresil\\\/#breadcrumb\",\"itemListElement\":[{\"@type\":\"ListItem\",\"position\":1,\"name\":\"Accueil\",\"item\":\"https:\\\/\\\/encouragement-public.org\\\/delegation-bresil\\\/\"},{\"@type\":\"ListItem\",\"position\":2,\"name\":\"D\u00c9L\u00c9GATION DU BR\u00c9SIL\"}]},{\"@type\":\"WebSite\",\"@id\":\"https:\\\/\\\/encouragement-public.org\\\/delegation-bresil\\\/#website\",\"url\":\"https:\\\/\\\/encouragement-public.org\\\/delegation-bresil\\\/\",\"name\":\"D\u00e9l\u00e9gation-Br\u00e9sil\",\"description\":\"Savoir r\u00e9compenser le m\u00e9rite\",\"potentialAction\":[{\"@type\":\"SearchAction\",\"target\":{\"@type\":\"EntryPoint\",\"urlTemplate\":\"https:\\\/\\\/encouragement-public.org\\\/delegation-bresil\\\/?s={search_term_string}\"},\"query-input\":{\"@type\":\"PropertyValueSpecification\",\"valueRequired\":true,\"valueName\":\"search_term_string\"}}],\"inLanguage\":\"fr-FR\"}]}<\/script>\n<!-- \/ Yoast SEO plugin. -->","yoast_head_json":{"title":"D\u00c9L\u00c9GATION DU BR\u00c9SIL - D\u00e9l\u00e9gation-Br\u00e9sil","robots":{"index":"index","follow":"follow","max-snippet":"max-snippet:-1","max-image-preview":"max-image-preview:large","max-video-preview":"max-video-preview:-1"},"canonical":"https:\/\/encouragement-public.org\/delegation-bresil\/delegation-du-bresil\/","og_locale":"fr_FR","og_type":"article","og_title":"D\u00c9L\u00c9GATION DU BR\u00c9SIL - D\u00e9l\u00e9gation-Br\u00e9sil","og_description":"[vc_row][vc_column][vc_custom_heading text=&#8221;D\u00c9L\u00c9GATION DU BR\u00c9SIL&#8221; font_container=&#8221;tag:h1|text_align:left|color:%2356bf33&#8243; css=&#8221;.vc_custom_1614700547267{background-color: rgba(255,255,255,0.01) !important;*background-color: rgb(255,255,255) !important;}&#8221;][vc_column_text][\/vc_column_text][\/vc_column][\/vc_row][vc_row gap=&#8221;10&#8243; enable_loading_bg=&#8221;yes&#8221; bg_position=&#8221;center center&#8221; css=&#8221;.vc_custom_1601892538895{padding-top:...","og_url":"https:\/\/encouragement-public.org\/delegation-bresil\/delegation-du-bresil\/","og_site_name":"D\u00e9l\u00e9gation-Br\u00e9sil","article_modified_time":"2021-05-02T16:53:15+00:00","twitter_card":"summary_large_image","twitter_misc":{"Dur\u00e9e de lecture estim\u00e9e":"3 minutes"},"schema":{"@context":"https:\/\/schema.org","@graph":[{"@type":"WebPage","@id":"https:\/\/encouragement-public.org\/delegation-bresil\/delegation-du-bresil\/","url":"https:\/\/encouragement-public.org\/delegation-bresil\/delegation-du-bresil\/","name":"D\u00c9L\u00c9GATION DU BR\u00c9SIL - D\u00e9l\u00e9gation-Br\u00e9sil","isPartOf":{"@id":"https:\/\/encouragement-public.org\/delegation-bresil\/#website"},"datePublished":"2020-10-04T19:15:32+00:00","dateModified":"2021-05-02T16:53:15+00:00","breadcrumb":{"@id":"https:\/\/encouragement-public.org\/delegation-bresil\/delegation-du-bresil\/#breadcrumb"},"inLanguage":"fr-FR","potentialAction":[{"@type":"ReadAction","target":["https:\/\/encouragement-public.org\/delegation-bresil\/delegation-du-bresil\/"]}]},{"@type":"BreadcrumbList","@id":"https:\/\/encouragement-public.org\/delegation-bresil\/delegation-du-bresil\/#breadcrumb","itemListElement":[{"@type":"ListItem","position":1,"name":"Accueil","item":"https:\/\/encouragement-public.org\/delegation-bresil\/"},{"@type":"ListItem","position":2,"name":"D\u00c9L\u00c9GATION DU BR\u00c9SIL"}]},{"@type":"WebSite","@id":"https:\/\/encouragement-public.org\/delegation-bresil\/#website","url":"https:\/\/encouragement-public.org\/delegation-bresil\/","name":"D\u00e9l\u00e9gation-Br\u00e9sil","description":"Savoir r\u00e9compenser le m\u00e9rite","potentialAction":[{"@type":"SearchAction","target":{"@type":"EntryPoint","urlTemplate":"https:\/\/encouragement-public.org\/delegation-bresil\/?s={search_term_string}"},"query-input":{"@type":"PropertyValueSpecification","valueRequired":true,"valueName":"search_term_string"}}],"inLanguage":"fr-FR"}]}},"_links":{"self":[{"href":"https:\/\/encouragement-public.org\/delegation-bresil\/wp-json\/wp\/v2\/pages\/9639","targetHints":{"allow":["GET"]}}],"collection":[{"href":"https:\/\/encouragement-public.org\/delegation-bresil\/wp-json\/wp\/v2\/pages"}],"about":[{"href":"https:\/\/encouragement-public.org\/delegation-bresil\/wp-json\/wp\/v2\/types\/page"}],"author":[{"embeddable":true,"href":"https:\/\/encouragement-public.org\/delegation-bresil\/wp-json\/wp\/v2\/users\/1"}],"replies":[{"embeddable":true,"href":"https:\/\/encouragement-public.org\/delegation-bresil\/wp-json\/wp\/v2\/comments?post=9639"}],"version-history":[{"count":5,"href":"https:\/\/encouragement-public.org\/delegation-bresil\/wp-json\/wp\/v2\/pages\/9639\/revisions"}],"predecessor-version":[{"id":9670,"href":"https:\/\/encouragement-public.org\/delegation-bresil\/wp-json\/wp\/v2\/pages\/9639\/revisions\/9670"}],"wp:attachment":[{"href":"https:\/\/encouragement-public.org\/delegation-bresil\/wp-json\/wp\/v2\/media?parent=9639"}],"curies":[{"name":"wp","href":"https:\/\/api.w.org\/{rel}","templated":true}]}}