{"id":6950,"date":"2020-01-02T22:12:47","date_gmt":"2020-01-02T22:12:47","guid":{"rendered":"https:\/\/encouragement-public.org\/delegation-italie\/?page_id=6950"},"modified":"2021-03-26T15:47:53","modified_gmt":"2021-03-26T15:47:53","slug":"contact","status":"publish","type":"page","link":"https:\/\/encouragement-public.org\/delegation-italie\/contact\/","title":{"rendered":"Contact"},"content":{"rendered":"<div class=\"wpb-content-wrapper\"><p>[vc_row][vc_column]<style>.ld_spacer_69f2c2f2931ce{height:100px;}<\/style>\n<div class=\"ld-empty-space ld_spacer_69f2c2f2931ce\"><span class=\"liquid_empty_space_inner\"><\/span><\/div>[\/vc_column][\/vc_row][vc_row][vc_column width=&#8221;1\/3&#8243;]<style>.ld_fancy_heading_69f2c2f293337 h3{color:rgb(255, 255, 255);}.ld_fancy_heading_69f2c2f293337 .lqd-highlight-inner{height:0.275em;bottom:0px;}<\/style><div class=\"ld-fancy-heading text-center ld_fancy_heading_69f2c2f293337\">\n\t<h3 class=\"lqd-highlight-underline lqd-highlight-grow-left\" ><span class=\"ld-fh-txt\"> <\/p>\n<p style=\"text-align: center\">Nous contacter<\/p>\n<p><\/span><\/h3><\/div><style>.ld_spacer_69f2c2f293b69{height:15px;}<\/style>\n<div class=\"ld-empty-space ld_spacer_69f2c2f293b69\"><span class=\"liquid_empty_space_inner\"><\/span><\/div><style>.ld_team_member_69f2c2f293be6 .ld-tm-info.ld-overlay{background:rgb(255, 255, 255);}.ld_team_member_69f2c2f293be6 .ld-tm-pos.color-primary{color:rgb(255, 255, 255);}<\/style><div id=\"ld_team_member_69f2c2f293be6\" class=\"ld-tm d-flex flex-column text-center ld_team_member_69f2c2f293be6\">\n\n\t<div class=\"ld-tm-img mb-3 text-center\"><figure><img loading=\"lazy\" decoding=\"async\" width=\"500\" height=\"500\" src=\"https:\/\/encouragement-public.org\/delegation-italie\/wp-content\/uploads\/sites\/15\/2021\/03\/EP_06_04_Enzo_Pasqualone.jpg\" class=\"circle\" alt=\"Enzo Pasqualone\" srcset=\"https:\/\/encouragement-public.org\/delegation-italie\/wp-content\/uploads\/sites\/15\/2021\/03\/EP_06_04_Enzo_Pasqualone.jpg 500w, https:\/\/encouragement-public.org\/delegation-italie\/wp-content\/uploads\/sites\/15\/2021\/03\/EP_06_04_Enzo_Pasqualone-300x300.jpg 300w, https:\/\/encouragement-public.org\/delegation-italie\/wp-content\/uploads\/sites\/15\/2021\/03\/EP_06_04_Enzo_Pasqualone-150x150.jpg 150w\" sizes=\"auto, (max-width: 500px) 100vw, 500px\" \/><\/figure><\/div>\n\t<div class=\"ld-tm-info\">\n\n\t\t<h3 class=\"ld-tm-name size-sm font-weight-semibold mb-3\">Enzo PASQUALONE<\/h3>\t\t<h6 class=\"ld-tm-pos text-uppercase ltr-sp-175 font-weight-bold mb-3 color-primary\">VICE-PR\u00c9SIDENT D\u00c9L\u00c9GU\u00c9 ITALIE<\/h6>\t\t\t\t<ul class=\"ld-tm-social social-icon branded-text mt-3\"><\/ul>\n\t<\/div><!-- \/.ld-tm-info -->\n\n\t\n<\/div><!-- \/.ld-team-member --><style>.ld_fancy_heading_69f2c2f29403a p{color:rgb(255, 255, 255);}.ld_fancy_heading_69f2c2f29403a .lqd-highlight-inner{height:0.275em;}<\/style><div class=\"ld-fancy-heading ld_fancy_heading_69f2c2f29403a\">\n\t<p class=\"lqd-highlight-underline lqd-highlight-grow-left\" ><span class=\"ld-fh-txt\"> <strong>Email :<\/strong> <a href=\"mailto:italie@encouragement-public.org\"><u>italie@encouragement-public.org<\/u><\/a><\/p>\n<p><strong>Adresse :<\/strong><\/p>\n<p>&#8230;&#8230;&#8230;&#8230;&#8230;&#8230;&#8230;&#8230;&#8230;&#8230;&#8230;&#8230;&#8230;&#8230;&#8230;&#8230;&#8230;&#8230;&#8230;&#8230;..<\/p>\n<div class=\"lsd-single-page-section lsd-single-page-section-map\">\n<div class=\"lsd-listing-googlemap lsd-single-element lsd-single-map\">\n<div class=\"lsd-listing-googlemap\">\n<div id=\"lsd_map7351\" class=\"lsd-map-canvas\">\n<div>\n<div class=\"gm-style\">\n<div class=\"gmnoprint\"><strong>T\u00e9l. :<\/strong> +39 &#8230;&#8230;&#8230;&#8230;&#8230;&#8230;&#8230;&#8230;&#8230;&#8230;&#8230;&#8230;.<\/div>\n<\/div>\n<\/div>\n<\/div>\n<\/div>\n<\/div>\n<\/div>\n<p><\/span><\/p><\/div><style>.ld_spacer_69f2c2f294634{height:30px;}<\/style>\n<div class=\"ld-empty-space ld_spacer_69f2c2f294634\"><span class=\"liquid_empty_space_inner\"><\/span><\/div><style>.ld_spacer_69f2c2f294692{height:32px;}<\/style>\n<div class=\"ld-empty-space ld_spacer_69f2c2f294692\"><span class=\"liquid_empty_space_inner\"><\/span><\/div>[\/vc_column][vc_column width=&#8221;2\/3&#8243;]<style>.ld_cf7_69f2c2f294732 input,.ld_cf7_69f2c2f294732 textarea,.ld_cf7_69f2c2f294732 .ui-selectmenu-button{font-size:15px;}.ld_cf7_69f2c2f294732 input[type=\"submit\"], .ld_cf7_69f2c2f294732 button[type=\"submit\"]{font-size:14px;font-weight:600;letter-spacing:0.1em;}.ld_cf7_69f2c2f294732 input, .ld_cf7_69f2c2f294732 select, .ld_cf7_69f2c2f294732 textarea, .ld_cf7_69f2c2f294732 .ui-selectmenu-button{color:rgb(255, 255, 255);border-color:rgba(255, 255, 255, 0.204);}.ld_cf7_69f2c2f294732 input:focus, .ld_cf7_69f2c2f294732 select:focus, .ld_cf7_69f2c2f294732 textarea:focus, .ld_cf7_69f2c2f294732 .ui-selectmenu-button:hover{border-color:rgb(255, 255, 255);}<\/style><div id=\"ld_cf7_69f2c2f294732\" class=\"lqd-contact-form lqd-contact-form-inputs-underlined lqd-contact-form-button-bordered lqd-contact-form-button-lg lqd-contact-form-button-block lqd-contact-form-button-circle ld_cf7_69f2c2f294732 vc_custom_1590194112453\">\n\t\n<div class=\"wpcf7 no-js\" id=\"wpcf7-f6893-o1\" lang=\"fr-FR\" dir=\"ltr\" data-wpcf7-id=\"6893\">\n<div class=\"screen-reader-response\"><p role=\"status\" aria-live=\"polite\" aria-atomic=\"true\"><\/p> <ul><\/ul><\/div>\n<form action=\"\/delegation-italie\/wp-json\/wp\/v2\/pages\/6950#wpcf7-f6893-o1\" method=\"post\" class=\"wpcf7-form init\" aria-label=\"Formulaire de contact\" novalidate=\"novalidate\" data-status=\"init\">\n<fieldset class=\"hidden-fields-container\"><input type=\"hidden\" name=\"_wpcf7\" value=\"6893\" \/><input type=\"hidden\" name=\"_wpcf7_version\" value=\"6.1.5\" \/><input type=\"hidden\" name=\"_wpcf7_locale\" value=\"fr_FR\" \/><input type=\"hidden\" name=\"_wpcf7_unit_tag\" value=\"wpcf7-f6893-o1\" \/><input type=\"hidden\" name=\"_wpcf7_container_post\" value=\"0\" \/><input type=\"hidden\" name=\"_wpcf7_posted_data_hash\" value=\"\" \/>\n<\/fieldset>\n<div class=\"row\">\n\t<p class=\"col-md-6\"><br \/>\n<span class=\"wpcf7-form-control-wrap\" data-name=\"first-name\"><input size=\"40\" maxlength=\"400\" class=\"wpcf7-form-control wpcf7-text wpcf7-validates-as-required\" aria-required=\"true\" aria-invalid=\"false\" placeholder=\"Pr\u00e9nom\" value=\"\" type=\"text\" name=\"first-name\" \/><\/span>\n\t<\/p>\n\t<p class=\"col-md-6\"><br \/>\n<span class=\"wpcf7-form-control-wrap\" data-name=\"your-name\"><input size=\"40\" maxlength=\"400\" class=\"wpcf7-form-control wpcf7-text wpcf7-validates-as-required\" aria-required=\"true\" aria-invalid=\"false\" placeholder=\"Nom\" value=\"\" type=\"text\" name=\"your-name\" \/><\/span>\n\t<\/p>\n\t<p class=\"col-md-6\"><br \/>\n<span class=\"wpcf7-form-control-wrap\" data-name=\"your-email\"><input size=\"40\" maxlength=\"400\" class=\"wpcf7-form-control wpcf7-email wpcf7-validates-as-required wpcf7-text wpcf7-validates-as-email\" aria-required=\"true\" aria-invalid=\"false\" placeholder=\"Email\" value=\"\" type=\"email\" name=\"your-email\" \/><\/span>\n\t<\/p>\n\t<p class=\"col-md-6\"><br \/>\n<span class=\"wpcf7-form-control-wrap\" data-name=\"tel-611\"><input size=\"40\" maxlength=\"400\" class=\"wpcf7-form-control wpcf7-tel wpcf7-validates-as-required wpcf7-text wpcf7-validates-as-tel\" aria-required=\"true\" aria-invalid=\"false\" placeholder=\"T\u00e9l\" value=\"\" type=\"tel\" name=\"tel-611\" \/><\/span>\n\t<\/p>\n\t<p class=\"col-md-6\"><br \/>\n<span class=\"wpcf7-form-control-wrap\" data-name=\"text-228\"><input size=\"40\" maxlength=\"400\" class=\"wpcf7-form-control wpcf7-text wpcf7-validates-as-required\" aria-required=\"true\" aria-invalid=\"false\" value=\"Pays\" type=\"text\" name=\"text-228\" \/><\/span>\n\t<\/p>\n\t<p class=\"col-md-6\"><br \/>\n<span class=\"wpcf7-form-control-wrap\" data-name=\"text-751\"><input size=\"40\" maxlength=\"400\" class=\"wpcf7-form-control wpcf7-text wpcf7-validates-as-required\" aria-required=\"true\" aria-invalid=\"false\" placeholder=\"Ville\" value=\"\" type=\"text\" name=\"text-751\" \/><\/span>\n\t<\/p>\n\t<p class=\"col-md-6\"><br \/>\n<span class=\"wpcf7-form-control-wrap\" data-name=\"your-subject\"><input size=\"40\" maxlength=\"400\" class=\"wpcf7-form-control wpcf7-text wpcf7-validates-as-required\" aria-required=\"true\" aria-invalid=\"false\" placeholder=\"Objet\" value=\"\" type=\"text\" name=\"your-subject\" \/><\/span>\n\t<\/p>\n\t<p class=\"col-md-12\"><br \/>\n<span class=\"wpcf7-form-control-wrap\" data-name=\"your-message\"><textarea cols=\"10\" rows=\"4\" maxlength=\"2000\" class=\"wpcf7-form-control wpcf7-textarea wpcf7-validates-as-required\" aria-required=\"true\" aria-invalid=\"false\" placeholder=\"Message\" name=\"your-message\"><\/textarea><\/span>\n\t<\/p>\n\t<p class=\"col-md-12 text-md-right\"><br \/>\n<input class=\"wpcf7-form-control wpcf7-submit has-spinner\" type=\"submit\" value=\"ENVOYER\" \/>\n\t<\/p>\n<\/div><p style=\"display: none !important;\" class=\"akismet-fields-container\" data-prefix=\"_wpcf7_ak_\"><label>&#916;<textarea name=\"_wpcf7_ak_hp_textarea\" cols=\"45\" rows=\"8\" maxlength=\"100\"><\/textarea><\/label><input type=\"hidden\" id=\"ak_js_1\" name=\"_wpcf7_ak_js\" value=\"7\"\/><script type=\"text\/javascript\">\n\/* <![CDATA[ *\/\ndocument.getElementById( \"ak_js_1\" ).setAttribute( \"value\", ( new Date() ).getTime() );\n\/* ]]> *\/\n<\/script>\n<\/p><div class=\"wpcf7-response-output\" aria-hidden=\"true\"><\/div>\n<\/form>\n<\/div>\n<\/div>[\/vc_column][\/vc_row]<\/p>\n<\/div>","protected":false},"excerpt":{"rendered":"<p>[vc_row][vc_column][\/vc_column][\/vc_row][vc_row][vc_column width=&#8221;1\/3&#8243;][\/vc_column][vc_column width=&#8221;2\/3&#8243;][\/vc_column][\/vc_row]<\/p>\n","protected":false},"author":1,"featured_media":0,"parent":0,"menu_order":0,"comment_status":"closed","ping_status":"closed","template":"","meta":{"footnotes":""},"class_list":["post-6950","page","type-page","status-publish","hentry"],"yoast_head":"<!-- This site is optimized with the Yoast SEO plugin v27.5 - https:\/\/yoast.com\/product\/yoast-seo-wordpress\/ -->\n<title>Contact - D\u00e9l\u00e9gation Italie<\/title>\n<meta name=\"robots\" content=\"index, follow, max-snippet:-1, max-image-preview:large, max-video-preview:-1\" \/>\n<link rel=\"canonical\" href=\"https:\/\/encouragement-public.org\/delegation-italie\/contact\/\" \/>\n<meta property=\"og:locale\" content=\"fr_FR\" \/>\n<meta property=\"og:type\" content=\"article\" \/>\n<meta property=\"og:title\" content=\"Contact - D\u00e9l\u00e9gation Italie\" \/>\n<meta property=\"og:description\" content=\"[vc_row][vc_column][\/vc_column][\/vc_row][vc_row][vc_column width=&#8221;1\/3&#8243;][\/vc_column][vc_column width=&#8221;2\/3&#8243;][\/vc_column][\/vc_row]\" \/>\n<meta property=\"og:url\" content=\"https:\/\/encouragement-public.org\/delegation-italie\/contact\/\" \/>\n<meta property=\"og:site_name\" content=\"D\u00e9l\u00e9gation Italie\" \/>\n<meta property=\"article:modified_time\" content=\"2021-03-26T15:47:53+00:00\" \/>\n<meta name=\"twitter:card\" content=\"summary_large_image\" \/>\n<meta name=\"twitter:label1\" content=\"Dur\u00e9e de lecture estim\u00e9e\" \/>\n\t<meta name=\"twitter:data1\" content=\"1 minute\" \/>\n<script type=\"application\/ld+json\" class=\"yoast-schema-graph\">{\"@context\":\"https:\\\/\\\/schema.org\",\"@graph\":[{\"@type\":\"WebPage\",\"@id\":\"https:\\\/\\\/encouragement-public.org\\\/delegation-italie\\\/contact\\\/\",\"url\":\"https:\\\/\\\/encouragement-public.org\\\/delegation-italie\\\/contact\\\/\",\"name\":\"Contact - D\u00e9l\u00e9gation Italie\",\"isPartOf\":{\"@id\":\"https:\\\/\\\/encouragement-public.org\\\/delegation-italie\\\/#website\"},\"datePublished\":\"2020-01-02T22:12:47+00:00\",\"dateModified\":\"2021-03-26T15:47:53+00:00\",\"breadcrumb\":{\"@id\":\"https:\\\/\\\/encouragement-public.org\\\/delegation-italie\\\/contact\\\/#breadcrumb\"},\"inLanguage\":\"fr-FR\",\"potentialAction\":[{\"@type\":\"ReadAction\",\"target\":[\"https:\\\/\\\/encouragement-public.org\\\/delegation-italie\\\/contact\\\/\"]}]},{\"@type\":\"BreadcrumbList\",\"@id\":\"https:\\\/\\\/encouragement-public.org\\\/delegation-italie\\\/contact\\\/#breadcrumb\",\"itemListElement\":[{\"@type\":\"ListItem\",\"position\":1,\"name\":\"Accueil\",\"item\":\"https:\\\/\\\/encouragement-public.org\\\/delegation-italie\\\/\"},{\"@type\":\"ListItem\",\"position\":2,\"name\":\"Contact\"}]},{\"@type\":\"WebSite\",\"@id\":\"https:\\\/\\\/encouragement-public.org\\\/delegation-italie\\\/#website\",\"url\":\"https:\\\/\\\/encouragement-public.org\\\/delegation-italie\\\/\",\"name\":\"D\u00e9l\u00e9gation Italie\",\"description\":\"Savoir r\u00e9compenser le m\u00e9rite\",\"potentialAction\":[{\"@type\":\"SearchAction\",\"target\":{\"@type\":\"EntryPoint\",\"urlTemplate\":\"https:\\\/\\\/encouragement-public.org\\\/delegation-italie\\\/?s={search_term_string}\"},\"query-input\":{\"@type\":\"PropertyValueSpecification\",\"valueRequired\":true,\"valueName\":\"search_term_string\"}}],\"inLanguage\":\"fr-FR\"}]}<\/script>\n<!-- \/ Yoast SEO plugin. -->","yoast_head_json":{"title":"Contact - D\u00e9l\u00e9gation Italie","robots":{"index":"index","follow":"follow","max-snippet":"max-snippet:-1","max-image-preview":"max-image-preview:large","max-video-preview":"max-video-preview:-1"},"canonical":"https:\/\/encouragement-public.org\/delegation-italie\/contact\/","og_locale":"fr_FR","og_type":"article","og_title":"Contact - D\u00e9l\u00e9gation Italie","og_description":"[vc_row][vc_column][\/vc_column][\/vc_row][vc_row][vc_column width=&#8221;1\/3&#8243;][\/vc_column][vc_column width=&#8221;2\/3&#8243;][\/vc_column][\/vc_row]","og_url":"https:\/\/encouragement-public.org\/delegation-italie\/contact\/","og_site_name":"D\u00e9l\u00e9gation Italie","article_modified_time":"2021-03-26T15:47:53+00:00","twitter_card":"summary_large_image","twitter_misc":{"Dur\u00e9e de lecture estim\u00e9e":"1 minute"},"schema":{"@context":"https:\/\/schema.org","@graph":[{"@type":"WebPage","@id":"https:\/\/encouragement-public.org\/delegation-italie\/contact\/","url":"https:\/\/encouragement-public.org\/delegation-italie\/contact\/","name":"Contact - D\u00e9l\u00e9gation Italie","isPartOf":{"@id":"https:\/\/encouragement-public.org\/delegation-italie\/#website"},"datePublished":"2020-01-02T22:12:47+00:00","dateModified":"2021-03-26T15:47:53+00:00","breadcrumb":{"@id":"https:\/\/encouragement-public.org\/delegation-italie\/contact\/#breadcrumb"},"inLanguage":"fr-FR","potentialAction":[{"@type":"ReadAction","target":["https:\/\/encouragement-public.org\/delegation-italie\/contact\/"]}]},{"@type":"BreadcrumbList","@id":"https:\/\/encouragement-public.org\/delegation-italie\/contact\/#breadcrumb","itemListElement":[{"@type":"ListItem","position":1,"name":"Accueil","item":"https:\/\/encouragement-public.org\/delegation-italie\/"},{"@type":"ListItem","position":2,"name":"Contact"}]},{"@type":"WebSite","@id":"https:\/\/encouragement-public.org\/delegation-italie\/#website","url":"https:\/\/encouragement-public.org\/delegation-italie\/","name":"D\u00e9l\u00e9gation Italie","description":"Savoir r\u00e9compenser le m\u00e9rite","potentialAction":[{"@type":"SearchAction","target":{"@type":"EntryPoint","urlTemplate":"https:\/\/encouragement-public.org\/delegation-italie\/?s={search_term_string}"},"query-input":{"@type":"PropertyValueSpecification","valueRequired":true,"valueName":"search_term_string"}}],"inLanguage":"fr-FR"}]}},"_links":{"self":[{"href":"https:\/\/encouragement-public.org\/delegation-italie\/wp-json\/wp\/v2\/pages\/6950","targetHints":{"allow":["GET"]}}],"collection":[{"href":"https:\/\/encouragement-public.org\/delegation-italie\/wp-json\/wp\/v2\/pages"}],"about":[{"href":"https:\/\/encouragement-public.org\/delegation-italie\/wp-json\/wp\/v2\/types\/page"}],"author":[{"embeddable":true,"href":"https:\/\/encouragement-public.org\/delegation-italie\/wp-json\/wp\/v2\/users\/1"}],"replies":[{"embeddable":true,"href":"https:\/\/encouragement-public.org\/delegation-italie\/wp-json\/wp\/v2\/comments?post=6950"}],"version-history":[{"count":6,"href":"https:\/\/encouragement-public.org\/delegation-italie\/wp-json\/wp\/v2\/pages\/6950\/revisions"}],"predecessor-version":[{"id":9626,"href":"https:\/\/encouragement-public.org\/delegation-italie\/wp-json\/wp\/v2\/pages\/6950\/revisions\/9626"}],"wp:attachment":[{"href":"https:\/\/encouragement-public.org\/delegation-italie\/wp-json\/wp\/v2\/media?parent=6950"}],"curies":[{"name":"wp","href":"https:\/\/api.w.org\/{rel}","templated":true}]}}