{"id":7382,"date":"2020-02-01T13:07:33","date_gmt":"2020-02-01T13:07:33","guid":{"rendered":"https:\/\/encouragement-public.org\/delegation-japon\/?page_id=7382"},"modified":"2021-05-03T14:04:12","modified_gmt":"2021-05-03T14:04:12","slug":"accueil-2","status":"publish","type":"page","link":"https:\/\/encouragement-public.org\/delegation-japon\/","title":{"rendered":"Accueil"},"content":{"rendered":"<div class=\"wpb-content-wrapper\"><p>[vc_row gap=&#8221;0&#8243; content_placement=&#8221;middle&#8221; disable_element=&#8221;yes&#8221; enable_row_shadowbox=&#8221;yes&#8221; row_box_shadow=&#8221;%5B%7B%7D%5D&#8221; css=&#8221;.vc_custom_1602863107030{padding-top: 45px !important;background-color: #eae9e9 !important;}&#8221;][vc_column]<style>.ld_spacer_69f400b33e43f{height:55px;}<\/style>\n<div class=\"ld-empty-space ld_spacer_69f400b33e43f\"><span class=\"liquid_empty_space_inner\"><\/span><\/div><style>.ld_custom_menu_69f400b33e52e > li > a{font-size:16px;font-weight:0,5;text-transform:uppercase;}.ld_custom_menu_69f400b33e52e li + li{margin-left:20px;}.ld_custom_menu_69f400b33e52e{background:rgb(234, 233, 233);}.ld_custom_menu_69f400b33e52e > li > a,.ld_custom_menu_69f400b33e52e ul > li > a{color:rgb(43, 43, 43);}.ld_custom_menu_69f400b33e52e > li > a:hover, .ld_custom_menu_69f400b33e52e ul > li > a:hover, .ld_custom_menu_69f400b33e52e li.is-active > a, .ld_custom_menu_69f400b33e52e li.current-menu-item > a{color:rgb(0, 206, 9);}<\/style><div id=\"ld_custom_menu_69f400b33e52e\" class=\"lqd-custom-menu lqd-sticky-menu text-center ld_custom_menu_69f400b33e52e\" data-pin=\"true\" data-pin-options='{ \"offset\": \"[data-sticky-header] .mainbar-wrap.is-stuck, #wpadminbar\", \"duration\": \"docHeight\"  }' data-move-element='{ \"target\": \".vc_row\" }'>\n<ul id=\"menu-connexion\" class=\" reset-ul inline-nav  \"><li id=\"menu-item-9430\" class=\"menu-item menu-item-type-wppb_cpm_login_logout menu-item-object-custom menu-item-9430\"><a href=\"https:\/\/encouragement-public.org\/delegation-japon\/wp-login.php\">Connexion<\/a><\/li>\n<\/ul><\/div>[\/vc_column][\/vc_row][vc_row gap=&#8221;5&#8243; bg_type=&#8221;bg_color&#8221; css=&#8221;.vc_custom_1588515410895{background-color: #e8e8e8 !important;}&#8221; bg_color_value=&#8221;#eaeaea&#8221;][vc_column]<style>.ld_spacer_69f400b33f8ab{height:50px;}<\/style>\n<div class=\"ld-empty-space ld_spacer_69f400b33f8ab\"><span class=\"liquid_empty_space_inner\"><\/span><\/div><style>.ld_blog_69f400b33f979 .liquid-blog-grid{margin-left:-5px;margin-right:-5px;}.ld_blog_69f400b33f979 .liquid-blog-grid > div{padding-left:5px;padding-right:5px;}.ld_blog_69f400b33f979 .liquid-blog-grid .liquid-lp{margin-bottom:30px;}.ld_blog_69f400b33f979 .filter-list{margin-bottom:px;}.ld_blog_69f400b33f979 .liquid-blog-item .liquid-lp-title,.ld_blog_69f400b33f979 .liquid-lp .liquid-lp-title{margin-top:px;margin-bottom:px;}<\/style><div data-filter-id=\"1581080698611-9ddda07f-a5a7\" class=\"liquid-blog-posts ld_blog_69f400b33f979 1581080698612-ca5edfb3-548d \" data-post-per-page=\"10\"><div class=\"liquid-blog-grid liquid-blog-style-timeline row\" data-liquid-masonry=\"true\"><div class=\"col-md-4 masonry-item\"><article id=\"post-9809\" class=\"liquid-lp liquid-blog-item liquid-blog-item-timeline liquid-blog-scheme-dark liquid-blog-scheme-dark-alt post-9809 post type-post status-publish format-standard has-post-thumbnail hentry category-delegation-japon category-remises-de-decorations category-siege\"><div class=\"liquid-lp-details\">\t\n\t<span><span class=\"screen-reader-text\">Tags <\/span><ul class=\"liquid-lp-category bordered text-uppercase size-sm ltr-sp-1\"><li><a href=\"https:\/\/encouragement-public.org\/delegation-japon\/category\/recevoir-donner\/delegation-japon\/\" rel=\"category\">D\u00c9L\u00c9GATION JAPON<\/a><\/li><\/ul><\/span>\t<time class=\"published updated liquid-lp-date\" datetime=\"2025-10-18T14:57:00+00:00\">octobre 18, 2025<\/time><\/div><!-- \/.liquid-lp-details -->\n\n<figure class=\"liquid-lp-media \"  data-responsive-bg=\"true\" data-parallax=\"true\" data-parallax-options='{ \"parallaxBG\": true }'><a  href=\"https:\/\/encouragement-public.org\/delegation-japon\/delegation-japon-remise-de-decorations-au-cercle-national-des-armees-8-place-saint-augustin-paris-8e-le-18-octobre-2025\/\"><img loading=\"lazy\" decoding=\"async\" width=\"490\" height=\"300\" src=\"https:\/\/encouragement-public.org\/delegation-japon\/wp-content\/uploads\/sites\/21\/2026\/02\/IMG_3414-scaled-490x300.jpg\" class=\"attachment-liquid-timeline-blog size-liquid-timeline-blog wp-post-image\" alt=\"\" srcset=\"https:\/\/encouragement-public.org\/delegation-japon\/wp-content\/uploads\/sites\/21\/2026\/02\/IMG_3414-scaled-490x300.jpg 490w, https:\/\/encouragement-public.org\/delegation-japon\/wp-content\/uploads\/sites\/21\/2026\/02\/IMG_3414-scaled-720x440.jpg 720w, https:\/\/encouragement-public.org\/delegation-japon\/wp-content\/uploads\/sites\/21\/2026\/02\/IMG_3414-scaled-570x350.jpg 570w\" sizes=\"auto, (max-width: 490px) 100vw, 490px\" \/><\/a><\/figure>\n<a href=\"https:\/\/encouragement-public.org\/delegation-japon\/delegation-japon-remise-de-decorations-au-cercle-national-des-armees-8-place-saint-augustin-paris-8e-le-18-octobre-2025\/\" class=\"liquid-overlay-link\">D\u00e9l\u00e9gation japon : Remise de d\u00e9corations au Cercle National des Arm\u00e9es, 8 Place Saint-Augustin, Paris 8e &#8211; le 18\u00a0octobre 2025<\/a>\n\n<header class=\"liquid-lp-header\">\n\t<h2 class=\"entry-title liquid-lp-title font-weight-bold h3 size-sm\"><a  href=\"https:\/\/encouragement-public.org\/delegation-japon\/delegation-japon-remise-de-decorations-au-cercle-national-des-armees-8-place-saint-augustin-paris-8e-le-18-octobre-2025\/\" rel=\"bookmark\">D\u00e9l\u00e9gation japon : Remise de d\u00e9corations au Cercle National des Arm\u00e9es, 8 Place Saint-Augustin, Paris 8e &#8211; le 18\u00a0octobre 2025<\/a><\/h2><\/header>\n\n\t\t\t<div class=\"liquid-lp-excerpt entry-summary \">\n\t\t\t\t<p>Le Cercle National des Arm\u00e9es a accueilli, dans le cadre solennel du salon \u201cLe Triomphant\u201d,&#8230;<\/p>\n\t\t\t<\/div><!-- \/.latest-post-excerpt -->\n\t\t\n<footer class=\"liquid-lp-footer\">\n\t<a href=\"https:\/\/encouragement-public.org\/delegation-japon\/delegation-japon-remise-de-decorations-au-cercle-national-des-armees-8-place-saint-augustin-paris-8e-le-18-octobre-2025\/\" class=\"btn btn-naked text-uppercase ltr-sp-1 size-sm font-weight-bold liquid-lp-read-more\">\n\t\t<span>\n\t\t\t<span class=\"btn-line btn-line-before\"><\/span>\n\t\t\t<span class=\"btn-txt\">Continuer la lecture<\/span>\n\t\t\t<span class=\"btn-line btn-line-after\"><\/span>\n\t\t<\/span>\n\t<\/a>\n<\/footer><\/article><\/div><div class=\"col-md-4 masonry-item\"><article id=\"post-9822\" class=\"liquid-lp liquid-blog-item liquid-blog-item-timeline liquid-blog-scheme-dark liquid-blog-scheme-dark-alt post-9822 post type-post status-publish format-standard has-post-thumbnail hentry category-remises-de-decorations\"><div class=\"liquid-lp-details\">\t\n\t<span><span class=\"screen-reader-text\">Tags <\/span><ul class=\"liquid-lp-category bordered text-uppercase size-sm ltr-sp-1\"><li><a href=\"https:\/\/encouragement-public.org\/delegation-japon\/category\/savoir-recompenser-le-merite\/remises-de-decorations\/\" rel=\"category\">REMISES DE D\u00c9CORATIONS<\/a><\/li><\/ul><\/span>\t<time class=\"published updated liquid-lp-date\" datetime=\"2025-09-14T16:14:00+00:00\">septembre 14, 2025<\/time><\/div><!-- \/.liquid-lp-details -->\n\n<figure class=\"liquid-lp-media \"  data-responsive-bg=\"true\" data-parallax=\"true\" data-parallax-options='{ \"parallaxBG\": true }'><a  href=\"https:\/\/encouragement-public.org\/delegation-japon\/conference-sur-le-theme-gestion-de-la-jeunesse-et-de-leducation-a-tokyo\/\"><img loading=\"lazy\" decoding=\"async\" width=\"490\" height=\"300\" src=\"https:\/\/encouragement-public.org\/delegation-japon\/wp-content\/uploads\/sites\/21\/2026\/02\/Conference-sur-le-theme-Gestion-de-la-Jeunesse-et-de-lEducation-a-Tokyo-490x300.jpg\" class=\"attachment-liquid-timeline-blog size-liquid-timeline-blog wp-post-image\" alt=\"\" \/><\/a><\/figure>\n<a href=\"https:\/\/encouragement-public.org\/delegation-japon\/conference-sur-le-theme-gestion-de-la-jeunesse-et-de-leducation-a-tokyo\/\" class=\"liquid-overlay-link\">Conf\u00e9rence sur le th\u00e8me Gestion de la Jeunesse et de l\u2019Education, \u00e0 Tokyo<\/a>\n\n<header class=\"liquid-lp-header\">\n\t<h2 class=\"entry-title liquid-lp-title font-weight-bold h3 size-sm\"><a  href=\"https:\/\/encouragement-public.org\/delegation-japon\/conference-sur-le-theme-gestion-de-la-jeunesse-et-de-leducation-a-tokyo\/\" rel=\"bookmark\">Conf\u00e9rence sur le th\u00e8me Gestion de la Jeunesse et de l\u2019Education, \u00e0 Tokyo<\/a><\/h2><\/header>\n\n\t\t\t<div class=\"liquid-lp-excerpt entry-summary \">\n\t\t\t\t<p>Monsieur Nobuko IWAKI, c\u00e9l\u00e8bre ancien diplomate et fondateur de l\u2019Acad\u00e9mie internationale de Jeunesse \u00e9tudiants a&#8230;<\/p>\n\t\t\t<\/div><!-- \/.latest-post-excerpt -->\n\t\t\n<footer class=\"liquid-lp-footer\">\n\t<a href=\"https:\/\/encouragement-public.org\/delegation-japon\/conference-sur-le-theme-gestion-de-la-jeunesse-et-de-leducation-a-tokyo\/\" class=\"btn btn-naked text-uppercase ltr-sp-1 size-sm font-weight-bold liquid-lp-read-more\">\n\t\t<span>\n\t\t\t<span class=\"btn-line btn-line-before\"><\/span>\n\t\t\t<span class=\"btn-txt\">Continuer la lecture<\/span>\n\t\t\t<span class=\"btn-line btn-line-after\"><\/span>\n\t\t<\/span>\n\t<\/a>\n<\/footer><\/article><\/div><div class=\"col-md-4 masonry-item\"><article id=\"post-9816\" class=\"liquid-lp liquid-blog-item liquid-blog-item-timeline liquid-blog-scheme-dark liquid-blog-scheme-dark-alt post-9816 post type-post status-publish format-standard has-post-thumbnail hentry category-remises-de-decorations\"><div class=\"liquid-lp-details\">\t\n\t<span><span class=\"screen-reader-text\">Tags <\/span><ul class=\"liquid-lp-category bordered text-uppercase size-sm ltr-sp-1\"><li><a href=\"https:\/\/encouragement-public.org\/delegation-japon\/category\/savoir-recompenser-le-merite\/remises-de-decorations\/\" rel=\"category\">REMISES DE D\u00c9CORATIONS<\/a><\/li><\/ul><\/span>\t<time class=\"published updated liquid-lp-date\" datetime=\"2025-09-12T16:05:00+00:00\">septembre 12, 2025<\/time><\/div><!-- \/.liquid-lp-details -->\n\n<figure class=\"liquid-lp-media \"  data-responsive-bg=\"true\" data-parallax=\"true\" data-parallax-options='{ \"parallaxBG\": true }'><a  href=\"https:\/\/encouragement-public.org\/delegation-japon\/remise-des-decorations-a-tokyo-restaurant-trianon-le-12-septembre-2025\/\"><img loading=\"lazy\" decoding=\"async\" width=\"490\" height=\"300\" src=\"https:\/\/encouragement-public.org\/delegation-japon\/wp-content\/uploads\/sites\/21\/2026\/02\/Remise-des-decorations-a-Tokyo-490x300.jpg\" class=\"attachment-liquid-timeline-blog size-liquid-timeline-blog wp-post-image\" alt=\"\" \/><\/a><\/figure>\n<a href=\"https:\/\/encouragement-public.org\/delegation-japon\/remise-des-decorations-a-tokyo-restaurant-trianon-le-12-septembre-2025\/\" class=\"liquid-overlay-link\">Remise des d\u00e9corations \u00e0 Tokyo &#8211; Restaurant Trianon &#8211; le 12 septembre 2025<\/a>\n\n<header class=\"liquid-lp-header\">\n\t<h2 class=\"entry-title liquid-lp-title font-weight-bold h3 size-sm\"><a  href=\"https:\/\/encouragement-public.org\/delegation-japon\/remise-des-decorations-a-tokyo-restaurant-trianon-le-12-septembre-2025\/\" rel=\"bookmark\">Remise des d\u00e9corations \u00e0 Tokyo &#8211; Restaurant Trianon &#8211; le 12 septembre 2025<\/a><\/h2><\/header>\n\n\t\t\t<div class=\"liquid-lp-excerpt entry-summary \">\n\t\t\t\t<p>Madame Kimi\u00e9 HANAMURA, artiste peintre et membre de l\u2019Encouragement public a re\u00e7u la m\u00e9daille de&#8230;<\/p>\n\t\t\t<\/div><!-- \/.latest-post-excerpt -->\n\t\t\n<footer class=\"liquid-lp-footer\">\n\t<a href=\"https:\/\/encouragement-public.org\/delegation-japon\/remise-des-decorations-a-tokyo-restaurant-trianon-le-12-septembre-2025\/\" class=\"btn btn-naked text-uppercase ltr-sp-1 size-sm font-weight-bold liquid-lp-read-more\">\n\t\t<span>\n\t\t\t<span class=\"btn-line btn-line-before\"><\/span>\n\t\t\t<span class=\"btn-txt\">Continuer la lecture<\/span>\n\t\t\t<span class=\"btn-line btn-line-after\"><\/span>\n\t\t<\/span>\n\t<\/a>\n<\/footer><\/article><\/div><div class=\"col-md-4 masonry-item\"><article id=\"post-9740\" class=\"liquid-lp liquid-blog-item liquid-blog-item-timeline liquid-blog-scheme-dark liquid-blog-scheme-dark-alt post-9740 post type-post status-publish format-standard has-post-thumbnail hentry category-ceremonies-vie-culturelle category-ceremonies category-siege\"><div class=\"liquid-lp-details\">\t\n\t<span><span class=\"screen-reader-text\">Tags <\/span><ul class=\"liquid-lp-category bordered text-uppercase size-sm ltr-sp-1\"><li><a href=\"https:\/\/encouragement-public.org\/delegation-japon\/category\/vie-culturelle\/ceremonies-vie-culturelle\/\" rel=\"category\">C\u00c9R\u00c9MONIE<\/a><\/li><\/ul><\/span>\t<time class=\"published updated liquid-lp-date\" datetime=\"2025-05-09T11:59:06+00:00\">mai 9, 2025<\/time><\/div><!-- \/.liquid-lp-details -->\n\n<figure class=\"liquid-lp-media \"  data-responsive-bg=\"true\" data-parallax=\"true\" data-parallax-options='{ \"parallaxBG\": true }'><a  href=\"https:\/\/encouragement-public.org\/delegation-japon\/ravivage-de-la-flamme-du-7-mai-2025-lencouragement-public-honore-la-memoire-avec-solennite\/\"><img loading=\"lazy\" decoding=\"async\" width=\"490\" height=\"300\" src=\"https:\/\/encouragement-public.org\/delegation-japon\/wp-content\/uploads\/sites\/21\/2025\/05\/IMG_1057-scaled-e1746791736625-490x300.jpg\" class=\"attachment-liquid-timeline-blog size-liquid-timeline-blog wp-post-image\" alt=\"Ravivage de la Flamme du 7 mai 2025 : L\u2019Encouragement Public honore la m\u00e9moire avec solennit\u00e9\" srcset=\"https:\/\/encouragement-public.org\/delegation-japon\/wp-content\/uploads\/sites\/21\/2025\/05\/IMG_1057-scaled-e1746791736625-490x300.jpg 490w, https:\/\/encouragement-public.org\/delegation-japon\/wp-content\/uploads\/sites\/21\/2025\/05\/IMG_1057-scaled-e1746791736625-570x350.jpg 570w, https:\/\/encouragement-public.org\/delegation-japon\/wp-content\/uploads\/sites\/21\/2025\/05\/IMG_1057-scaled-e1746791736625-720x440.jpg 720w\" sizes=\"auto, (max-width: 490px) 100vw, 490px\" \/><\/a><\/figure>\n<a href=\"https:\/\/encouragement-public.org\/delegation-japon\/ravivage-de-la-flamme-du-7-mai-2025-lencouragement-public-honore-la-memoire-avec-solennite\/\" class=\"liquid-overlay-link\">Ravivage de la Flamme du 7 mai 2025 : L\u2019Encouragement Public honore la m\u00e9moire avec solennit\u00e9<\/a>\n\n<header class=\"liquid-lp-header\">\n\t<h2 class=\"entry-title liquid-lp-title font-weight-bold h3 size-sm\"><a  href=\"https:\/\/encouragement-public.org\/delegation-japon\/ravivage-de-la-flamme-du-7-mai-2025-lencouragement-public-honore-la-memoire-avec-solennite\/\" rel=\"bookmark\">Ravivage de la Flamme du 7 mai 2025 : L\u2019Encouragement Public honore la m\u00e9moire avec solennit\u00e9<\/a><\/h2><\/header>\n\n\t\t\t<div class=\"liquid-lp-excerpt entry-summary \">\n\t\t\t\t<p>Le 7 mai 2025, sous l\u2019Arc de Triomphe, l\u2019association L\u2019Encouragement Public a pris part avec solennit\u00e9 au ravivage de la Flamme du Soldat inconnu. Aux c\u00f4t\u00e9s de sept autres associations, ses membres \u2013 accompagn\u00e9s de jeunes \u00e9tudiants \u2013 ont honor\u00e9 la m\u00e9moire des combattants tomb\u00e9s pour la France. Par un geste fort de transmission et de civisme, l\u2019association r\u00e9affirme son engagement pour faire vivre le souvenir, en impliquant les g\u00e9n\u00e9rations futures dans ce rituel r\u00e9publicain de m\u00e9moire.<\/p>\n\t\t\t<\/div><!-- \/.latest-post-excerpt -->\n\t\t\n<footer class=\"liquid-lp-footer\">\n\t<a href=\"https:\/\/encouragement-public.org\/delegation-japon\/ravivage-de-la-flamme-du-7-mai-2025-lencouragement-public-honore-la-memoire-avec-solennite\/\" class=\"btn btn-naked text-uppercase ltr-sp-1 size-sm font-weight-bold liquid-lp-read-more\">\n\t\t<span>\n\t\t\t<span class=\"btn-line btn-line-before\"><\/span>\n\t\t\t<span class=\"btn-txt\">Continuer la lecture<\/span>\n\t\t\t<span class=\"btn-line btn-line-after\"><\/span>\n\t\t<\/span>\n\t<\/a>\n<\/footer><\/article><\/div><div class=\"col-md-4 masonry-item\"><article id=\"post-9721\" class=\"liquid-lp liquid-blog-item liquid-blog-item-timeline liquid-blog-scheme-dark liquid-blog-scheme-dark-alt post-9721 post type-post status-publish format-standard has-post-thumbnail hentry category-ambiance-ag category-programme category-siege\"><div class=\"liquid-lp-details\">\t\n\t<span><span class=\"screen-reader-text\">Tags <\/span><ul class=\"liquid-lp-category bordered text-uppercase size-sm ltr-sp-1\"><li><a href=\"https:\/\/encouragement-public.org\/delegation-japon\/category\/vie-associative\/ambiance-ag\/\" rel=\"category\">AMBIANCE AG<\/a><\/li><\/ul><\/span>\t<time class=\"published updated liquid-lp-date\" datetime=\"2025-03-14T11:22:35+00:00\">mars 14, 2025<\/time><\/div><!-- \/.liquid-lp-details -->\n\n<figure class=\"liquid-lp-media \"  data-responsive-bg=\"true\" data-parallax=\"true\" data-parallax-options='{ \"parallaxBG\": true }'><a  href=\"https:\/\/encouragement-public.org\/delegation-japon\/assemblee-generale-ordinaire-14-juin-2025-a-san-remo\/\"><img loading=\"lazy\" decoding=\"async\" width=\"490\" height=\"300\" src=\"https:\/\/encouragement-public.org\/delegation-japon\/wp-content\/uploads\/sites\/21\/2025\/03\/Hotel-des-Anglais-490x300.jpg\" class=\"attachment-liquid-timeline-blog size-liquid-timeline-blog wp-post-image\" alt=\"\" srcset=\"https:\/\/encouragement-public.org\/delegation-japon\/wp-content\/uploads\/sites\/21\/2025\/03\/Hotel-des-Anglais-490x300.jpg 490w, https:\/\/encouragement-public.org\/delegation-japon\/wp-content\/uploads\/sites\/21\/2025\/03\/Hotel-des-Anglais-570x350.jpg 570w, https:\/\/encouragement-public.org\/delegation-japon\/wp-content\/uploads\/sites\/21\/2025\/03\/Hotel-des-Anglais-720x440.jpg 720w\" sizes=\"auto, (max-width: 490px) 100vw, 490px\" \/><\/a><\/figure>\n<a href=\"https:\/\/encouragement-public.org\/delegation-japon\/assemblee-generale-ordinaire-14-juin-2025-a-san-remo\/\" class=\"liquid-overlay-link\">Assembl\u00e9e G\u00e9n\u00e9rale Ordinaire \u2013 14 juin 2025 \u00e0 San Remo<\/a>\n\n<header class=\"liquid-lp-header\">\n\t<h2 class=\"entry-title liquid-lp-title font-weight-bold h3 size-sm\"><a  href=\"https:\/\/encouragement-public.org\/delegation-japon\/assemblee-generale-ordinaire-14-juin-2025-a-san-remo\/\" rel=\"bookmark\">Assembl\u00e9e G\u00e9n\u00e9rale Ordinaire \u2013 14 juin 2025 \u00e0 San Remo<\/a><\/h2><\/header>\n\n\t\t\t<div class=\"liquid-lp-excerpt entry-summary \">\n\t\t\t\t<p>Assembl\u00e9e G\u00e9n\u00e9rale Ordinaire \u2013 14 juin 2025 \u00e0 San Remo Chers Compagnons, Chers Amis, L\u2019Encouragement&#8230;<\/p>\n\t\t\t<\/div><!-- \/.latest-post-excerpt -->\n\t\t\n<footer class=\"liquid-lp-footer\">\n\t<a href=\"https:\/\/encouragement-public.org\/delegation-japon\/assemblee-generale-ordinaire-14-juin-2025-a-san-remo\/\" class=\"btn btn-naked text-uppercase ltr-sp-1 size-sm font-weight-bold liquid-lp-read-more\">\n\t\t<span>\n\t\t\t<span class=\"btn-line btn-line-before\"><\/span>\n\t\t\t<span class=\"btn-txt\">Continuer la lecture<\/span>\n\t\t\t<span class=\"btn-line btn-line-after\"><\/span>\n\t\t<\/span>\n\t<\/a>\n<\/footer><\/article><\/div><\/div><!--\/ .row --><\/div><!--\/ .liquid-blog-posts -->[\/vc_column][\/vc_row]<\/p>\n<\/div>","protected":false},"excerpt":{"rendered":"<p>[vc_row gap=&#8221;0&#8243; content_placement=&#8221;middle&#8221; disable_element=&#8221;yes&#8221; enable_row_shadowbox=&#8221;yes&#8221; row_box_shadow=&#8221;%5B%7B%7D%5D&#8221; css=&#8221;.vc_custom_1602863107030{padding-top: 45px !important;background-color: #eae9e9 !important;}&#8221;][vc_column][\/vc_column][\/vc_row][vc_row gap=&#8221;5&#8243; bg_type=&#8221;bg_color&#8221; css=&#8221;.vc_custom_1588515410895{background-color: #e8e8e8&#8230;<\/p>\n","protected":false},"author":1,"featured_media":0,"parent":0,"menu_order":0,"comment_status":"closed","ping_status":"closed","template":"","meta":{"footnotes":""},"class_list":["post-7382","page","type-page","status-publish","hentry"],"yoast_head":"<!-- This site is optimized with the Yoast SEO plugin v27.5 - https:\/\/yoast.com\/product\/yoast-seo-wordpress\/ -->\n<title>Accueil - D\u00e9l\u00e9gation Japon<\/title>\n<meta name=\"robots\" content=\"index, follow, max-snippet:-1, max-image-preview:large, max-video-preview:-1\" \/>\n<link rel=\"canonical\" href=\"https:\/\/encouragement-public.org\/delegation-japon\/\" \/>\n<meta property=\"og:locale\" content=\"fr_FR\" \/>\n<meta property=\"og:type\" content=\"article\" \/>\n<meta property=\"og:title\" content=\"Accueil - D\u00e9l\u00e9gation Japon\" \/>\n<meta property=\"og:description\" content=\"[vc_row gap=&#8221;0&#8243; content_placement=&#8221;middle&#8221; disable_element=&#8221;yes&#8221; enable_row_shadowbox=&#8221;yes&#8221; row_box_shadow=&#8221;%5B%7B%7D%5D&#8221; css=&#8221;.vc_custom_1602863107030{padding-top: 45px !important;background-color: #eae9e9 !important;}&#8221;][vc_column][\/vc_column][\/vc_row][vc_row gap=&#8221;5&#8243; bg_type=&#8221;bg_color&#8221; css=&#8221;.vc_custom_1588515410895{background-color: #e8e8e8...\" \/>\n<meta property=\"og:url\" content=\"https:\/\/encouragement-public.org\/delegation-japon\/\" \/>\n<meta property=\"og:site_name\" content=\"D\u00e9l\u00e9gation Japon\" \/>\n<meta property=\"article:modified_time\" content=\"2021-05-03T14:04:12+00:00\" \/>\n<meta name=\"twitter:card\" content=\"summary_large_image\" \/>\n<meta name=\"twitter:label1\" content=\"Dur\u00e9e de lecture estim\u00e9e\" \/>\n\t<meta name=\"twitter:data1\" content=\"1 minute\" \/>\n<script type=\"application\/ld+json\" class=\"yoast-schema-graph\">{\"@context\":\"https:\\\/\\\/schema.org\",\"@graph\":[{\"@type\":\"WebPage\",\"@id\":\"https:\\\/\\\/encouragement-public.org\\\/delegation-japon\\\/\",\"url\":\"https:\\\/\\\/encouragement-public.org\\\/delegation-japon\\\/\",\"name\":\"Accueil - D\u00e9l\u00e9gation Japon\",\"isPartOf\":{\"@id\":\"https:\\\/\\\/encouragement-public.org\\\/delegation-japon\\\/#website\"},\"datePublished\":\"2020-02-01T13:07:33+00:00\",\"dateModified\":\"2021-05-03T14:04:12+00:00\",\"breadcrumb\":{\"@id\":\"https:\\\/\\\/encouragement-public.org\\\/delegation-japon\\\/#breadcrumb\"},\"inLanguage\":\"fr-FR\",\"potentialAction\":[{\"@type\":\"ReadAction\",\"target\":[\"https:\\\/\\\/encouragement-public.org\\\/delegation-japon\\\/\"]}]},{\"@type\":\"BreadcrumbList\",\"@id\":\"https:\\\/\\\/encouragement-public.org\\\/delegation-japon\\\/#breadcrumb\",\"itemListElement\":[{\"@type\":\"ListItem\",\"position\":1,\"name\":\"Accueil\",\"item\":\"https:\\\/\\\/encouragement-public.org\\\/delegation-japon\\\/\"},{\"@type\":\"ListItem\",\"position\":2,\"name\":\"Accueil\"}]},{\"@type\":\"WebSite\",\"@id\":\"https:\\\/\\\/encouragement-public.org\\\/delegation-japon\\\/#website\",\"url\":\"https:\\\/\\\/encouragement-public.org\\\/delegation-japon\\\/\",\"name\":\"D\u00e9l\u00e9gation Japon\",\"description\":\"Savoir r\u00e9compenser le m\u00e9rite\",\"potentialAction\":[{\"@type\":\"SearchAction\",\"target\":{\"@type\":\"EntryPoint\",\"urlTemplate\":\"https:\\\/\\\/encouragement-public.org\\\/delegation-japon\\\/?s={search_term_string}\"},\"query-input\":{\"@type\":\"PropertyValueSpecification\",\"valueRequired\":true,\"valueName\":\"search_term_string\"}}],\"inLanguage\":\"fr-FR\"}]}<\/script>\n<!-- \/ Yoast SEO plugin. -->","yoast_head_json":{"title":"Accueil - D\u00e9l\u00e9gation Japon","robots":{"index":"index","follow":"follow","max-snippet":"max-snippet:-1","max-image-preview":"max-image-preview:large","max-video-preview":"max-video-preview:-1"},"canonical":"https:\/\/encouragement-public.org\/delegation-japon\/","og_locale":"fr_FR","og_type":"article","og_title":"Accueil - D\u00e9l\u00e9gation Japon","og_description":"[vc_row gap=&#8221;0&#8243; content_placement=&#8221;middle&#8221; disable_element=&#8221;yes&#8221; enable_row_shadowbox=&#8221;yes&#8221; row_box_shadow=&#8221;%5B%7B%7D%5D&#8221; css=&#8221;.vc_custom_1602863107030{padding-top: 45px !important;background-color: #eae9e9 !important;}&#8221;][vc_column][\/vc_column][\/vc_row][vc_row gap=&#8221;5&#8243; bg_type=&#8221;bg_color&#8221; css=&#8221;.vc_custom_1588515410895{background-color: #e8e8e8...","og_url":"https:\/\/encouragement-public.org\/delegation-japon\/","og_site_name":"D\u00e9l\u00e9gation Japon","article_modified_time":"2021-05-03T14:04:12+00:00","twitter_card":"summary_large_image","twitter_misc":{"Dur\u00e9e de lecture estim\u00e9e":"1 minute"},"schema":{"@context":"https:\/\/schema.org","@graph":[{"@type":"WebPage","@id":"https:\/\/encouragement-public.org\/delegation-japon\/","url":"https:\/\/encouragement-public.org\/delegation-japon\/","name":"Accueil - D\u00e9l\u00e9gation Japon","isPartOf":{"@id":"https:\/\/encouragement-public.org\/delegation-japon\/#website"},"datePublished":"2020-02-01T13:07:33+00:00","dateModified":"2021-05-03T14:04:12+00:00","breadcrumb":{"@id":"https:\/\/encouragement-public.org\/delegation-japon\/#breadcrumb"},"inLanguage":"fr-FR","potentialAction":[{"@type":"ReadAction","target":["https:\/\/encouragement-public.org\/delegation-japon\/"]}]},{"@type":"BreadcrumbList","@id":"https:\/\/encouragement-public.org\/delegation-japon\/#breadcrumb","itemListElement":[{"@type":"ListItem","position":1,"name":"Accueil","item":"https:\/\/encouragement-public.org\/delegation-japon\/"},{"@type":"ListItem","position":2,"name":"Accueil"}]},{"@type":"WebSite","@id":"https:\/\/encouragement-public.org\/delegation-japon\/#website","url":"https:\/\/encouragement-public.org\/delegation-japon\/","name":"D\u00e9l\u00e9gation Japon","description":"Savoir r\u00e9compenser le m\u00e9rite","potentialAction":[{"@type":"SearchAction","target":{"@type":"EntryPoint","urlTemplate":"https:\/\/encouragement-public.org\/delegation-japon\/?s={search_term_string}"},"query-input":{"@type":"PropertyValueSpecification","valueRequired":true,"valueName":"search_term_string"}}],"inLanguage":"fr-FR"}]}},"_links":{"self":[{"href":"https:\/\/encouragement-public.org\/delegation-japon\/wp-json\/wp\/v2\/pages\/7382","targetHints":{"allow":["GET"]}}],"collection":[{"href":"https:\/\/encouragement-public.org\/delegation-japon\/wp-json\/wp\/v2\/pages"}],"about":[{"href":"https:\/\/encouragement-public.org\/delegation-japon\/wp-json\/wp\/v2\/types\/page"}],"author":[{"embeddable":true,"href":"https:\/\/encouragement-public.org\/delegation-japon\/wp-json\/wp\/v2\/users\/1"}],"replies":[{"embeddable":true,"href":"https:\/\/encouragement-public.org\/delegation-japon\/wp-json\/wp\/v2\/comments?post=7382"}],"version-history":[{"count":4,"href":"https:\/\/encouragement-public.org\/delegation-japon\/wp-json\/wp\/v2\/pages\/7382\/revisions"}],"predecessor-version":[{"id":9526,"href":"https:\/\/encouragement-public.org\/delegation-japon\/wp-json\/wp\/v2\/pages\/7382\/revisions\/9526"}],"wp:attachment":[{"href":"https:\/\/encouragement-public.org\/delegation-japon\/wp-json\/wp\/v2\/media?parent=7382"}],"curies":[{"name":"wp","href":"https:\/\/api.w.org\/{rel}","templated":true}]}}