{"id":7529,"date":"2020-02-07T12:53:00","date_gmt":"2020-02-07T12:53:00","guid":{"rendered":"https:\/\/encouragement-public.org\/delegation-japon\/?page_id=7529"},"modified":"2020-07-25T17:50:09","modified_gmt":"2020-07-25T17:50:09","slug":"vie-culturelle","status":"publish","type":"page","link":"https:\/\/encouragement-public.org\/delegation-japon\/vie-culturelle\/","title":{"rendered":"VIE CULTURELLE"},"content":{"rendered":"<div class=\"wpb-content-wrapper\"><p>[vc_row parallax=&#8221;enable_parallax&#8221; bg_position=&#8221;custom&#8221; parallax_content=&#8221;parallax_content_value&#8221; responsive_css=&#8221;padding_bottom_medium:180px&#8221; css=&#8221;.vc_custom_1589331081471{padding-bottom: 10% !important;background: #c0300d url(https:\/\/encouragement-public.org\/delegation-japon\/wp-content\/uploads\/sites\/21\/2020\/05\/fond-1.png?id=8593);}&#8221; bg_pos_h=&#8221;100%&#8221; bg_pos_v=&#8221;250px&#8221;][vc_column]<style>.ld_spacer_69f2b94a175cb{height:64px;}<\/style>\n<div class=\"ld-empty-space ld_spacer_69f2b94a175cb\"><span class=\"liquid_empty_space_inner\"><\/span><\/div><style>.ld_blog_69f2b94a1772f .liquid-blog-grid{margin-left:-15px;margin-right:-15px;}.ld_blog_69f2b94a1772f .liquid-blog-grid > div{padding-left:15px;padding-right:15px;}.ld_blog_69f2b94a1772f .liquid-blog-grid .liquid-lp{margin-bottom:30px;}.ld_blog_69f2b94a1772f .filter-list{margin-bottom:px;}.ld_blog_69f2b94a1772f .liquid-blog-item .liquid-lp-title,.ld_blog_69f2b94a1772f .liquid-lp .liquid-lp-title{margin-top:px;margin-bottom:px;}<\/style><div data-filter-id=\"lqd-1575365714611-3a042cbf-71fd\" class=\"liquid-blog-posts ld_blog_69f2b94a1772f 1575365714611-dfca2339-0b02 \" data-post-per-page=\"\">\r\n<div class=\"row\">\r\n\t<div class=\"col-md-12\">\t\t\t\t\t\r\n\t\t<div class=\"liquid-filter-items align-items-center \">\t\r\n\t\t\t<div class=\"liquid-filter-items\">\r\n\t\t\t\t\r\n\t\t\t\t\r\n\t\t\t\t<ul class=\"filter-list filter-list-inline filter-list-scheme-light    \" id=\"lqd-1575365714611-3a042cbf-71fd\">\r\n\t\t\t\t\t<li class=\"active\" data-filter=\"*\" data-filter-term-id=\"\"><span>TOUTES<\/span><\/li>\r\n\t\t\t\t\t<li data-filter=\".association\" data-filter-term-id=\"240\"><span>ASSOCIATION<\/span><\/li><li data-filter=\".ceremonies-vie-culturelle\" data-filter-term-id=\"241\"><span>C\u00c9R\u00c9MONIE<\/span><\/li><li data-filter=\".expositions-vie-culturelle\" data-filter-term-id=\"262\"><span>EXPOSITIONS<\/span><\/li><li data-filter=\".forum-vie-culturelle\" data-filter-term-id=\"263\"><span>FORUM<\/span><\/li><li data-filter=\".histoire\" data-filter-term-id=\"264\"><span>HISTOIRE<\/span><\/li><li data-filter=\".soirees-conferences\" data-filter-term-id=\"279\"><span>SOIR\u00c9ES &amp; CONF\u00c9RENCES<\/span><\/li>\t\t\t\t<\/ul>\r\n\t\t\t\t\t\r\n\t\t\t\t\t\t\t\t\t\r\n\t\t\t\t\t\r\n\t\t\t<\/div><!-- \/.liquid-filter-items-inner -->\r\n\t\t<\/div><!-- \/.liquid-filter-items -->\r\n\t<\/div><!-- \/.col-md-12 -->\r\n<\/div><!-- \/.row --><div class=\"liquid-blog-grid liquid-blog-style-split row\" data-liquid-masonry=\"true\" data-masonry-options='{ \"stagger\": 50, \"hiddenStyle\": { \"transform\": \"translateY(100px)\", \"opacity\": 0 }, \"visibleStyle\": { \"transform\": \"translateY(0)\", \"opacity\": 1 }, \"filtersID\": \"#lqd-1575365714611-3a042cbf-71fd\" }'><div class=\"col-sm-12 masonry-item ceremonies-vie-culturelle ceremonies siege\"><article id=\"post-9740\" class=\"liquid-lp liquid-blog-item liquid-blog-item-split liquid-blog-scheme-dark liquid-blog-scheme-dark-alt post-9740 post type-post status-publish format-standard has-post-thumbnail hentry category-ceremonies-vie-culturelle category-ceremonies category-siege\"><figure class=\"liquid-lp-media \"  ><a  href=\"https:\/\/encouragement-public.org\/delegation-japon\/ravivage-de-la-flamme-du-7-mai-2025-lencouragement-public-honore-la-memoire-avec-solennite\/\"><img loading=\"lazy\" decoding=\"async\" width=\"570\" height=\"350\" src=\"https:\/\/encouragement-public.org\/delegation-japon\/wp-content\/uploads\/sites\/21\/2025\/05\/IMG_1057-scaled-e1746791736625-570x350.jpg\" class=\"attachment-liquid-split-blog size-liquid-split-blog wp-post-image\" alt=\"Ravivage de la Flamme du 7 mai 2025 : L\u2019Encouragement Public honore la m\u00e9moire avec solennit\u00e9\" srcset=\"https:\/\/encouragement-public.org\/delegation-japon\/wp-content\/uploads\/sites\/21\/2025\/05\/IMG_1057-scaled-e1746791736625-570x350.jpg 570w, https:\/\/encouragement-public.org\/delegation-japon\/wp-content\/uploads\/sites\/21\/2025\/05\/IMG_1057-scaled-e1746791736625-490x300.jpg 490w\" sizes=\"auto, (max-width: 570px) 100vw, 570px\" \/><\/a><\/figure>\n<div class=\"liquid-blog-item-inner\">\n\t<a  href=\"https:\/\/encouragement-public.org\/delegation-japon\/ravivage-de-la-flamme-du-7-mai-2025-lencouragement-public-honore-la-memoire-avec-solennite\/\" class=\"liquid-overlay-link\">Ravivage de la Flamme du 7 mai 2025 : L\u2019Encouragement Public honore la m\u00e9moire avec solennit\u00e9<\/a>\t<header class=\"liquid-lp-header\">\n\t\t<h2 class=\"liquid-lp-title font-weight-bold h3 size-md\">\n\t\t\t<a href=\"https:\/\/encouragement-public.org\/delegation-japon\/ravivage-de-la-flamme-du-7-mai-2025-lencouragement-public-honore-la-memoire-avec-solennite\/\" data-split-text=\"true\" data-split-options='{ \"type\": \"lines\" }'>Ravivage de la Flamme du 7 mai 2025 : L\u2019Encouragement Public honore la m\u00e9moire avec solennit\u00e9<\/a>\n\t\t<\/h2>\n\t\t<div class=\"liquid-lp-details liquid-lp-details-lined size-sm text-uppercase lp-sp-1\">\n\t\t\t\t\t\t<time class=\"published updated liquid-lp-date\" datetime=\"2025-05-09T11:59:06+00:00\">mai 9, 2025<\/time>\t\t<\/div><!-- \/.liquid-lp-details -->\n\t<\/header>\n\t\n\t\t\t\t<div class=\"liquid-lp-excerpt entry-summary \">\n\t\t\t\t<p>Le 7 mai 2025, sous l\u2019Arc de Triomphe, l\u2019association L\u2019Encouragement Public a pris part avec solennit\u00e9 au ravivage de la Flamme du Soldat inconnu. Aux c\u00f4t\u00e9s de sept autres associations, ses membres \u2013 accompagn\u00e9s de jeunes \u00e9tudiants \u2013 ont honor\u00e9 la m\u00e9moire des combattants tomb\u00e9s pour la France. Par un geste fort de transmission et de civisme, l\u2019association r\u00e9affirme son engagement pour faire vivre le souvenir, en impliquant les g\u00e9n\u00e9rations futures dans ce rituel r\u00e9publicain de m\u00e9moire.<\/p>\n\t\t\t<\/div><!-- \/.latest-post-excerpt -->\n\t\t\t\n\t<footer class=\"liquid-lp-footer\">\n\t\t<a href=\"https:\/\/encouragement-public.org\/delegation-japon\/ravivage-de-la-flamme-du-7-mai-2025-lencouragement-public-honore-la-memoire-avec-solennite\/\" class=\"btn btn-naked text-uppercase ltr-sp-1 size-sm font-weight-bold liquid-lp-read-more\">\n\t\t\t<span>\n\t\t\t\t<span class=\"btn-line btn-line-before\"><\/span>\n\t\t\t\t<span class=\"btn-txt\">Continuer la lecture<\/span>\n\t\t\t\t<span class=\"btn-line btn-line-after\"><\/span>\n\t\t\t<\/span>\n\t\t<\/a>\n\t<\/footer>\n\t\n<\/div><!-- \/.liquid-blog-item-inner --><\/article><\/div><\/div><!--\/ .row --><\/div><!--\/ .liquid-blog-posts -->[\/vc_column][\/vc_row]<\/p>\n<\/div>","protected":false},"excerpt":{"rendered":"<p>[vc_row parallax=&#8221;enable_parallax&#8221; bg_position=&#8221;custom&#8221; parallax_content=&#8221;parallax_content_value&#8221; responsive_css=&#8221;padding_bottom_medium:180px&#8221; css=&#8221;.vc_custom_1589331081471{padding-bottom: 10% !important;background: #c0300d url(https:\/\/encouragement-public.org\/delegation-japon\/wp-content\/uploads\/sites\/21\/2020\/05\/fond-1.png?id=8593);}&#8221; bg_pos_h=&#8221;100%&#8221; bg_pos_v=&#8221;250px&#8221;][vc_column][\/vc_column][\/vc_row]<\/p>\n","protected":false},"author":1,"featured_media":0,"parent":0,"menu_order":0,"comment_status":"closed","ping_status":"closed","template":"","meta":{"footnotes":""},"class_list":["post-7529","page","type-page","status-publish","hentry"],"yoast_head":"<!-- This site is optimized with the Yoast SEO plugin v27.5 - https:\/\/yoast.com\/product\/yoast-seo-wordpress\/ -->\n<title>VIE CULTURELLE - D\u00e9l\u00e9gation Japon<\/title>\n<meta name=\"robots\" content=\"index, follow, max-snippet:-1, max-image-preview:large, max-video-preview:-1\" \/>\n<link rel=\"canonical\" href=\"https:\/\/encouragement-public.org\/delegation-japon\/vie-culturelle\/\" \/>\n<meta property=\"og:locale\" content=\"fr_FR\" \/>\n<meta property=\"og:type\" content=\"article\" \/>\n<meta property=\"og:title\" content=\"VIE CULTURELLE - D\u00e9l\u00e9gation Japon\" \/>\n<meta property=\"og:description\" content=\"[vc_row parallax=&#8221;enable_parallax&#8221; bg_position=&#8221;custom&#8221; parallax_content=&#8221;parallax_content_value&#8221; responsive_css=&#8221;padding_bottom_medium:180px&#8221; css=&#8221;.vc_custom_1589331081471{padding-bottom: 10% !important;background: #c0300d url(https:\/\/encouragement-public.org\/delegation-japon\/wp-content\/uploads\/sites\/21\/2020\/05\/fond-1.png?id=8593);}&#8221; bg_pos_h=&#8221;100%&#8221; bg_pos_v=&#8221;250px&#8221;][vc_column][\/vc_column][\/vc_row]\" \/>\n<meta property=\"og:url\" content=\"https:\/\/encouragement-public.org\/delegation-japon\/vie-culturelle\/\" \/>\n<meta property=\"og:site_name\" content=\"D\u00e9l\u00e9gation Japon\" \/>\n<meta property=\"article:modified_time\" content=\"2020-07-25T17:50:09+00:00\" \/>\n<meta name=\"twitter:card\" content=\"summary_large_image\" \/>\n<meta name=\"twitter:label1\" content=\"Dur\u00e9e de lecture estim\u00e9e\" \/>\n\t<meta name=\"twitter:data1\" content=\"1 minute\" \/>\n<script type=\"application\/ld+json\" class=\"yoast-schema-graph\">{\"@context\":\"https:\\\/\\\/schema.org\",\"@graph\":[{\"@type\":\"WebPage\",\"@id\":\"https:\\\/\\\/encouragement-public.org\\\/delegation-japon\\\/vie-culturelle\\\/\",\"url\":\"https:\\\/\\\/encouragement-public.org\\\/delegation-japon\\\/vie-culturelle\\\/\",\"name\":\"VIE CULTURELLE - D\u00e9l\u00e9gation Japon\",\"isPartOf\":{\"@id\":\"https:\\\/\\\/encouragement-public.org\\\/delegation-japon\\\/#website\"},\"datePublished\":\"2020-02-07T12:53:00+00:00\",\"dateModified\":\"2020-07-25T17:50:09+00:00\",\"breadcrumb\":{\"@id\":\"https:\\\/\\\/encouragement-public.org\\\/delegation-japon\\\/vie-culturelle\\\/#breadcrumb\"},\"inLanguage\":\"fr-FR\",\"potentialAction\":[{\"@type\":\"ReadAction\",\"target\":[\"https:\\\/\\\/encouragement-public.org\\\/delegation-japon\\\/vie-culturelle\\\/\"]}]},{\"@type\":\"BreadcrumbList\",\"@id\":\"https:\\\/\\\/encouragement-public.org\\\/delegation-japon\\\/vie-culturelle\\\/#breadcrumb\",\"itemListElement\":[{\"@type\":\"ListItem\",\"position\":1,\"name\":\"Accueil\",\"item\":\"https:\\\/\\\/encouragement-public.org\\\/delegation-japon\\\/\"},{\"@type\":\"ListItem\",\"position\":2,\"name\":\"VIE CULTURELLE\"}]},{\"@type\":\"WebSite\",\"@id\":\"https:\\\/\\\/encouragement-public.org\\\/delegation-japon\\\/#website\",\"url\":\"https:\\\/\\\/encouragement-public.org\\\/delegation-japon\\\/\",\"name\":\"D\u00e9l\u00e9gation Japon\",\"description\":\"Savoir r\u00e9compenser le m\u00e9rite\",\"potentialAction\":[{\"@type\":\"SearchAction\",\"target\":{\"@type\":\"EntryPoint\",\"urlTemplate\":\"https:\\\/\\\/encouragement-public.org\\\/delegation-japon\\\/?s={search_term_string}\"},\"query-input\":{\"@type\":\"PropertyValueSpecification\",\"valueRequired\":true,\"valueName\":\"search_term_string\"}}],\"inLanguage\":\"fr-FR\"}]}<\/script>\n<!-- \/ Yoast SEO plugin. -->","yoast_head_json":{"title":"VIE CULTURELLE - D\u00e9l\u00e9gation Japon","robots":{"index":"index","follow":"follow","max-snippet":"max-snippet:-1","max-image-preview":"max-image-preview:large","max-video-preview":"max-video-preview:-1"},"canonical":"https:\/\/encouragement-public.org\/delegation-japon\/vie-culturelle\/","og_locale":"fr_FR","og_type":"article","og_title":"VIE CULTURELLE - D\u00e9l\u00e9gation Japon","og_description":"[vc_row parallax=&#8221;enable_parallax&#8221; bg_position=&#8221;custom&#8221; parallax_content=&#8221;parallax_content_value&#8221; responsive_css=&#8221;padding_bottom_medium:180px&#8221; css=&#8221;.vc_custom_1589331081471{padding-bottom: 10% !important;background: #c0300d url(https:\/\/encouragement-public.org\/delegation-japon\/wp-content\/uploads\/sites\/21\/2020\/05\/fond-1.png?id=8593);}&#8221; bg_pos_h=&#8221;100%&#8221; bg_pos_v=&#8221;250px&#8221;][vc_column][\/vc_column][\/vc_row]","og_url":"https:\/\/encouragement-public.org\/delegation-japon\/vie-culturelle\/","og_site_name":"D\u00e9l\u00e9gation Japon","article_modified_time":"2020-07-25T17:50:09+00:00","twitter_card":"summary_large_image","twitter_misc":{"Dur\u00e9e de lecture estim\u00e9e":"1 minute"},"schema":{"@context":"https:\/\/schema.org","@graph":[{"@type":"WebPage","@id":"https:\/\/encouragement-public.org\/delegation-japon\/vie-culturelle\/","url":"https:\/\/encouragement-public.org\/delegation-japon\/vie-culturelle\/","name":"VIE CULTURELLE - D\u00e9l\u00e9gation Japon","isPartOf":{"@id":"https:\/\/encouragement-public.org\/delegation-japon\/#website"},"datePublished":"2020-02-07T12:53:00+00:00","dateModified":"2020-07-25T17:50:09+00:00","breadcrumb":{"@id":"https:\/\/encouragement-public.org\/delegation-japon\/vie-culturelle\/#breadcrumb"},"inLanguage":"fr-FR","potentialAction":[{"@type":"ReadAction","target":["https:\/\/encouragement-public.org\/delegation-japon\/vie-culturelle\/"]}]},{"@type":"BreadcrumbList","@id":"https:\/\/encouragement-public.org\/delegation-japon\/vie-culturelle\/#breadcrumb","itemListElement":[{"@type":"ListItem","position":1,"name":"Accueil","item":"https:\/\/encouragement-public.org\/delegation-japon\/"},{"@type":"ListItem","position":2,"name":"VIE CULTURELLE"}]},{"@type":"WebSite","@id":"https:\/\/encouragement-public.org\/delegation-japon\/#website","url":"https:\/\/encouragement-public.org\/delegation-japon\/","name":"D\u00e9l\u00e9gation Japon","description":"Savoir r\u00e9compenser le m\u00e9rite","potentialAction":[{"@type":"SearchAction","target":{"@type":"EntryPoint","urlTemplate":"https:\/\/encouragement-public.org\/delegation-japon\/?s={search_term_string}"},"query-input":{"@type":"PropertyValueSpecification","valueRequired":true,"valueName":"search_term_string"}}],"inLanguage":"fr-FR"}]}},"_links":{"self":[{"href":"https:\/\/encouragement-public.org\/delegation-japon\/wp-json\/wp\/v2\/pages\/7529","targetHints":{"allow":["GET"]}}],"collection":[{"href":"https:\/\/encouragement-public.org\/delegation-japon\/wp-json\/wp\/v2\/pages"}],"about":[{"href":"https:\/\/encouragement-public.org\/delegation-japon\/wp-json\/wp\/v2\/types\/page"}],"author":[{"embeddable":true,"href":"https:\/\/encouragement-public.org\/delegation-japon\/wp-json\/wp\/v2\/users\/1"}],"replies":[{"embeddable":true,"href":"https:\/\/encouragement-public.org\/delegation-japon\/wp-json\/wp\/v2\/comments?post=7529"}],"version-history":[{"count":2,"href":"https:\/\/encouragement-public.org\/delegation-japon\/wp-json\/wp\/v2\/pages\/7529\/revisions"}],"predecessor-version":[{"id":9337,"href":"https:\/\/encouragement-public.org\/delegation-japon\/wp-json\/wp\/v2\/pages\/7529\/revisions\/9337"}],"wp:attachment":[{"href":"https:\/\/encouragement-public.org\/delegation-japon\/wp-json\/wp\/v2\/media?parent=7529"}],"curies":[{"name":"wp","href":"https:\/\/api.w.org\/{rel}","templated":true}]}}