{"id":7516,"date":"2020-02-07T12:49:14","date_gmt":"2020-02-07T12:49:14","guid":{"rendered":"https:\/\/encouragement-public.org\/delegation-maroc\/?page_id=7516"},"modified":"2021-04-07T19:24:41","modified_gmt":"2021-04-07T19:24:41","slug":"publications","status":"publish","type":"page","link":"https:\/\/encouragement-public.org\/delegation-maroc\/publications\/","title":{"rendered":"PUBLICATIONS"},"content":{"rendered":"<div class=\"wpb-content-wrapper\"><p>[vc_row gap=&#8221;0&#8243; content_placement=&#8221;middle&#8221; sticky_row=&#8221;yes&#8221; disable_element=&#8221;yes&#8221; enable_row_shadowbox=&#8221;yes&#8221; row_box_shadow=&#8221;%5B%7B%7D%5D&#8221; css=&#8221;.vc_custom_1588472308984{background-color: #b50fd4 !important;}&#8221;][vc_column]<style>.ld_custom_menu_69f2a7834903e > li > a{font-size:16px;font-weight:0,5;text-transform:uppercase;}.ld_custom_menu_69f2a7834903e li + li{margin-left:20px;}.ld_custom_menu_69f2a7834903e{background:rgb(181, 15, 212);}.ld_custom_menu_69f2a7834903e > li > a,.ld_custom_menu_69f2a7834903e ul > li > a{color:rgb(255, 255, 255);}.ld_custom_menu_69f2a7834903e > li > a:hover, .ld_custom_menu_69f2a7834903e ul > li > a:hover, .ld_custom_menu_69f2a7834903e li.is-active > a, .ld_custom_menu_69f2a7834903e li.current-menu-item > a{color:rgb(0, 206, 9);}<\/style>\n<ul id=\"menu-connexion\" class=\"lqd-custom-menu reset-ul inline-nav  ld_custom_menu_69f2a7834903e\"><li id=\"menu-item-9430\" class=\"menu-item menu-item-type-wppb_cpm_login_logout menu-item-object-custom menu-item-9430\"><a href=\"https:\/\/encouragement-public.org\/delegation-maroc\/wp-login.php\">Connexion<\/a><\/li>\n<\/ul>[\/vc_column][\/vc_row][vc_row parallax=&#8221;enable_parallax&#8221; bg_position=&#8221;right top&#8221; bg_attachment=&#8221;fixed&#8221; parallax_content=&#8221;parallax_content_value&#8221; parallax_content_sense=&#8221;100&#8243; seperator_enable=&#8221;seperator_enable_value&#8221; css=&#8221;.vc_custom_1590194386853{background: #64c8c8 url(https:\/\/encouragement-public.org\/delegation-maroc\/wp-content\/uploads\/sites\/19\/2020\/04\/Fond-EP1.png?id=8369);background-position: center;background-repeat: no-repeat !important;background-size: cover !important;}&#8221;][vc_column]<style>.ld_spacer_69f2a7834a0fd{height:64px;}<\/style>\n<div class=\"ld-empty-space ld_spacer_69f2a7834a0fd\"><span class=\"liquid_empty_space_inner\"><\/span><\/div><style>.ld_blog_69f2a7834a21c .liquid-blog-grid{margin-left:-5px;margin-right:-5px;}.ld_blog_69f2a7834a21c .liquid-blog-grid > div{padding-left:5px;padding-right:5px;}.ld_blog_69f2a7834a21c .liquid-blog-grid .liquid-lp{margin-bottom:30px;}.ld_blog_69f2a7834a21c .filter-list{margin-bottom:px;}.ld_blog_69f2a7834a21c .liquid-blog-item .liquid-lp-title,.ld_blog_69f2a7834a21c .liquid-lp .liquid-lp-title{margin-top:px;margin-bottom:px;}<\/style><div data-filter-id=\"1587654779605-3f7d9d38-9096\" class=\"liquid-blog-posts ld_blog_69f2a7834a21c 1587654779606-edb9a5c1-6dd0 \" data-post-per-page=\"10\">\r\n<div class=\"row\">\r\n\t<div class=\"col-md-12\">\t\t\t\t\t\r\n\t\t<div class=\"liquid-filter-items align-items-center \">\t\r\n\t\t\t<div class=\"liquid-filter-items\">\r\n\t\t\t\t\r\n\t\t\t\t\r\n\t\t\t\t<ul class=\"filter-list filter-list-inline filter-list-scheme-light    font-weight-normal\" id=\"1587654779605-3f7d9d38-9096\">\r\n\t\t\t\t\t<li class=\"active\" data-filter=\"*\" data-filter-term-id=\"\"><span>TOUTES<\/span><\/li>\r\n\t\t\t\t\t<li data-filter=\".anniversaire\" data-filter-term-id=\"238\"><span>ANNIVERSAIRE<\/span><\/li><li data-filter=\".ceremonies\" data-filter-term-id=\"243\"><span>C\u00c9R\u00c9MONIES<\/span><\/li><li data-filter=\".club-publications\" data-filter-term-id=\"326\"><span>CLUB<\/span><\/li><li data-filter=\".concerts\" data-filter-term-id=\"249\"><span>CONCERTS<\/span><\/li><li data-filter=\".diner\" data-filter-term-id=\"259\"><span>D\u00ceNER<\/span><\/li><li data-filter=\".expositions\" data-filter-term-id=\"261\"><span>EXPOSITIONS<\/span><\/li><li data-filter=\".participation\" data-filter-term-id=\"268\"><span>PARTICIPATION<\/span><\/li><li data-filter=\".programme\" data-filter-term-id=\"269\"><span>PROGRAMME<\/span><\/li><li data-filter=\".soirees\" data-filter-term-id=\"278\"><span>SOIR\u00c9ES<\/span><\/li><li data-filter=\".voyages-publications\" data-filter-term-id=\"282\"><span>VOYAGES<\/span><\/li>\t\t\t\t<\/ul>\r\n\t\t\t\t\t\r\n\t\t\t\t\t\t\t\t\t\r\n\t\t\t\t\t\r\n\t\t\t<\/div><!-- \/.liquid-filter-items-inner -->\r\n\t\t<\/div><!-- \/.liquid-filter-items -->\r\n\t<\/div><!-- \/.col-md-12 -->\r\n<\/div><!-- \/.row --><div class=\"liquid-blog-grid liquid-blog-style-split row\" data-liquid-masonry=\"true\" data-masonry-options='{ \"stagger\": 50, \"hiddenStyle\": { \"transform\": \"translateY(100px)\", \"opacity\": 0 }, \"visibleStyle\": { \"transform\": \"translateY(0)\", \"opacity\": 1 }, \"filtersID\": \"#1587654779605-3f7d9d38-9096\" }'><div class=\"col-sm-12 masonry-item ceremonies-vie-culturelle ceremonies siege\"><article id=\"post-9950\" class=\"liquid-lp liquid-blog-item liquid-blog-item-split liquid-blog-scheme-dark liquid-blog-scheme-dark-alt post-9950 post type-post status-publish format-standard has-post-thumbnail hentry category-ceremonies-vie-culturelle category-ceremonies category-siege\"><figure class=\"liquid-lp-media \"  ><a  href=\"https:\/\/encouragement-public.org\/delegation-maroc\/ravivage-de-la-flamme-du-7-mai-2025-lencouragement-public-honore-la-memoire-avec-solennite\/\"><img loading=\"lazy\" decoding=\"async\" width=\"570\" height=\"350\" src=\"https:\/\/encouragement-public.org\/delegation-maroc\/wp-content\/uploads\/sites\/19\/2025\/05\/IMG_1057-scaled-e1746791736625-570x350.jpg\" class=\"attachment-liquid-split-blog size-liquid-split-blog wp-post-image\" alt=\"Ravivage de la Flamme du 7 mai 2025 : L\u2019Encouragement Public honore la m\u00e9moire avec solennit\u00e9\" srcset=\"https:\/\/encouragement-public.org\/delegation-maroc\/wp-content\/uploads\/sites\/19\/2025\/05\/IMG_1057-scaled-e1746791736625-570x350.jpg 570w, https:\/\/encouragement-public.org\/delegation-maroc\/wp-content\/uploads\/sites\/19\/2025\/05\/IMG_1057-scaled-e1746791736625-490x300.jpg 490w\" sizes=\"auto, (max-width: 570px) 100vw, 570px\" \/><\/a><\/figure>\n<div class=\"liquid-blog-item-inner\">\n\t<a  href=\"https:\/\/encouragement-public.org\/delegation-maroc\/ravivage-de-la-flamme-du-7-mai-2025-lencouragement-public-honore-la-memoire-avec-solennite\/\" class=\"liquid-overlay-link\">Ravivage de la Flamme du 7 mai 2025 : L\u2019Encouragement Public honore la m\u00e9moire avec solennit\u00e9<\/a>\t<header class=\"liquid-lp-header\">\n\t\t<h2 class=\"liquid-lp-title font-weight-bold h3 size-md\">\n\t\t\t<a href=\"https:\/\/encouragement-public.org\/delegation-maroc\/ravivage-de-la-flamme-du-7-mai-2025-lencouragement-public-honore-la-memoire-avec-solennite\/\" data-split-text=\"true\" data-split-options='{ \"type\": \"lines\" }'>Ravivage de la Flamme du 7 mai 2025 : L\u2019Encouragement Public honore la m\u00e9moire avec solennit\u00e9<\/a>\n\t\t<\/h2>\n\t\t<div class=\"liquid-lp-details liquid-lp-details-lined size-sm text-uppercase lp-sp-1\">\n\t\t\t<span><span class=\"screen-reader-text\">Tags <\/span><ul class=\"liquid-lp-category \"><li><a href=\"https:\/\/encouragement-public.org\/delegation-maroc\/category\/vie-culturelle\/ceremonies-vie-culturelle\/\" rel=\"category\">C\u00c9R\u00c9MONIE<\/a><\/li><\/ul><\/span>\t\t\t<time class=\"published updated liquid-lp-date\" datetime=\"2025-05-09T11:59:06+00:00\">mai 9, 2025<\/time>\t\t<\/div><!-- \/.liquid-lp-details -->\n\t<\/header>\n\t\n\t\t\t\t<div class=\"liquid-lp-excerpt entry-summary \">\n\t\t\t\t<p>Le 7 mai 2025, sous l\u2019Arc de Triomphe, l\u2019association L\u2019Encouragement Public a pris part avec solennit\u00e9 au ravivage de la Flamme du Soldat inconnu. Aux c\u00f4t\u00e9s de sept autres associations, ses membres \u2013 accompagn\u00e9s de jeunes \u00e9tudiants \u2013 ont honor\u00e9 la m\u00e9moire des combattants tomb\u00e9s pour la France. Par un geste fort de transmission et de civisme, l\u2019association r\u00e9affirme son engagement pour faire vivre le souvenir, en impliquant les g\u00e9n\u00e9rations futures dans ce rituel r\u00e9publicain de m\u00e9moire.<\/p>\n\t\t\t<\/div><!-- \/.latest-post-excerpt -->\n\t\t\t\n\t<footer class=\"liquid-lp-footer\">\n\t\t<a href=\"https:\/\/encouragement-public.org\/delegation-maroc\/ravivage-de-la-flamme-du-7-mai-2025-lencouragement-public-honore-la-memoire-avec-solennite\/\" class=\"btn btn-naked text-uppercase ltr-sp-1 size-sm font-weight-bold liquid-lp-read-more\">\n\t\t\t<span>\n\t\t\t\t<span class=\"btn-line btn-line-before\"><\/span>\n\t\t\t\t<span class=\"btn-txt\">Continuer la lecture<\/span>\n\t\t\t\t<span class=\"btn-line btn-line-after\"><\/span>\n\t\t\t<\/span>\n\t\t<\/a>\n\t<\/footer>\n\t\n<\/div><!-- \/.liquid-blog-item-inner --><\/article><\/div><div class=\"col-sm-12 masonry-item ambiance-ag programme siege\"><article id=\"post-9931\" class=\"liquid-lp liquid-blog-item liquid-blog-item-split liquid-blog-scheme-dark liquid-blog-scheme-dark-alt post-9931 post type-post status-publish format-standard has-post-thumbnail hentry category-ambiance-ag category-programme category-siege\"><figure class=\"liquid-lp-media \"  ><a  href=\"https:\/\/encouragement-public.org\/delegation-maroc\/assemblee-generale-ordinaire-14-juin-2025-a-san-remo\/\"><img loading=\"lazy\" decoding=\"async\" width=\"570\" height=\"350\" src=\"https:\/\/encouragement-public.org\/delegation-maroc\/wp-content\/uploads\/sites\/19\/2025\/03\/Hotel-des-Anglais-570x350.jpg\" class=\"attachment-liquid-split-blog size-liquid-split-blog wp-post-image\" alt=\"\" srcset=\"https:\/\/encouragement-public.org\/delegation-maroc\/wp-content\/uploads\/sites\/19\/2025\/03\/Hotel-des-Anglais-570x350.jpg 570w, https:\/\/encouragement-public.org\/delegation-maroc\/wp-content\/uploads\/sites\/19\/2025\/03\/Hotel-des-Anglais-490x300.jpg 490w\" sizes=\"auto, (max-width: 570px) 100vw, 570px\" \/><\/a><\/figure>\n<div class=\"liquid-blog-item-inner\">\n\t<a  href=\"https:\/\/encouragement-public.org\/delegation-maroc\/assemblee-generale-ordinaire-14-juin-2025-a-san-remo\/\" class=\"liquid-overlay-link\">Assembl\u00e9e G\u00e9n\u00e9rale Ordinaire \u2013 14 juin 2025 \u00e0 San Remo<\/a>\t<header class=\"liquid-lp-header\">\n\t\t<h2 class=\"liquid-lp-title font-weight-bold h3 size-md\">\n\t\t\t<a href=\"https:\/\/encouragement-public.org\/delegation-maroc\/assemblee-generale-ordinaire-14-juin-2025-a-san-remo\/\" data-split-text=\"true\" data-split-options='{ \"type\": \"lines\" }'>Assembl\u00e9e G\u00e9n\u00e9rale Ordinaire \u2013 14 juin 2025 \u00e0 San Remo<\/a>\n\t\t<\/h2>\n\t\t<div class=\"liquid-lp-details liquid-lp-details-lined size-sm text-uppercase lp-sp-1\">\n\t\t\t<span><span class=\"screen-reader-text\">Tags <\/span><ul class=\"liquid-lp-category \"><li><a href=\"https:\/\/encouragement-public.org\/delegation-maroc\/category\/vie-associative\/ambiance-ag\/\" rel=\"category\">AMBIANCE AG<\/a><\/li><\/ul><\/span>\t\t\t<time class=\"published updated liquid-lp-date\" datetime=\"2025-03-14T11:22:35+00:00\">mars 14, 2025<\/time>\t\t<\/div><!-- \/.liquid-lp-details -->\n\t<\/header>\n\t\n\t\t\t\t<div class=\"liquid-lp-excerpt entry-summary \">\n\t\t\t\t<p>Assembl\u00e9e G\u00e9n\u00e9rale Ordinaire \u2013 14 juin 2025 \u00e0 San Remo Chers Compagnons, Chers Amis, L\u2019Encouragement&#8230;<\/p>\n\t\t\t<\/div><!-- \/.latest-post-excerpt -->\n\t\t\t\n\t<footer class=\"liquid-lp-footer\">\n\t\t<a href=\"https:\/\/encouragement-public.org\/delegation-maroc\/assemblee-generale-ordinaire-14-juin-2025-a-san-remo\/\" class=\"btn btn-naked text-uppercase ltr-sp-1 size-sm font-weight-bold liquid-lp-read-more\">\n\t\t\t<span>\n\t\t\t\t<span class=\"btn-line btn-line-before\"><\/span>\n\t\t\t\t<span class=\"btn-txt\">Continuer la lecture<\/span>\n\t\t\t\t<span class=\"btn-line btn-line-after\"><\/span>\n\t\t\t<\/span>\n\t\t<\/a>\n\t<\/footer>\n\t\n<\/div><!-- \/.liquid-blog-item-inner --><\/article><\/div><div class=\"col-sm-12 masonry-item ceremonies\"><article id=\"post-9925\" class=\"liquid-lp liquid-blog-item liquid-blog-item-split liquid-blog-scheme-dark liquid-blog-scheme-dark-alt post-9925 post type-post status-publish format-standard has-post-thumbnail hentry category-ceremonies\"><figure class=\"liquid-lp-media \"  ><a  href=\"https:\/\/encouragement-public.org\/delegation-maroc\/compte-rendu-du-delegue-du-royaume-du-maroc-ceremonies-12-14-mars-2023\/\"><img loading=\"lazy\" decoding=\"async\" width=\"570\" height=\"350\" src=\"https:\/\/encouragement-public.org\/delegation-maroc\/wp-content\/uploads\/sites\/19\/2023\/12\/RABABT-lycee-12-scaled-570x350.jpeg\" class=\"attachment-liquid-split-blog size-liquid-split-blog wp-post-image\" alt=\"\" srcset=\"https:\/\/encouragement-public.org\/delegation-maroc\/wp-content\/uploads\/sites\/19\/2023\/12\/RABABT-lycee-12-scaled-570x350.jpeg 570w, https:\/\/encouragement-public.org\/delegation-maroc\/wp-content\/uploads\/sites\/19\/2023\/12\/RABABT-lycee-12-scaled-490x300.jpeg 490w\" sizes=\"auto, (max-width: 570px) 100vw, 570px\" \/><\/a><\/figure>\n<div class=\"liquid-blog-item-inner\">\n\t<a  href=\"https:\/\/encouragement-public.org\/delegation-maroc\/compte-rendu-du-delegue-du-royaume-du-maroc-ceremonies-12-14-mars-2023\/\" class=\"liquid-overlay-link\">Compte rendu du d\u00e9l\u00e9gu\u00e9 du Royaume du Maroc, c\u00e9r\u00e9monies 12-14 mars 2023<\/a>\t<header class=\"liquid-lp-header\">\n\t\t<h2 class=\"liquid-lp-title font-weight-bold h3 size-md\">\n\t\t\t<a href=\"https:\/\/encouragement-public.org\/delegation-maroc\/compte-rendu-du-delegue-du-royaume-du-maroc-ceremonies-12-14-mars-2023\/\" data-split-text=\"true\" data-split-options='{ \"type\": \"lines\" }'>Compte rendu du d\u00e9l\u00e9gu\u00e9 du Royaume du Maroc, c\u00e9r\u00e9monies 12-14 mars 2023<\/a>\n\t\t<\/h2>\n\t\t<div class=\"liquid-lp-details liquid-lp-details-lined size-sm text-uppercase lp-sp-1\">\n\t\t\t<span><span class=\"screen-reader-text\">Tags <\/span><ul class=\"liquid-lp-category \"><li><a href=\"https:\/\/encouragement-public.org\/delegation-maroc\/category\/publications\/ceremonies\/\" rel=\"category\">C\u00c9R\u00c9MONIES<\/a><\/li><\/ul><\/span>\t\t\t<time class=\"published updated liquid-lp-date\" datetime=\"2023-03-12T14:52:00+00:00\">mars 12, 2023<\/time>\t\t<\/div><!-- \/.liquid-lp-details -->\n\t<\/header>\n\t\n\t\t\t\t<div class=\"liquid-lp-excerpt entry-summary \">\n\t\t\t\t<p>Fond\u00e9e en France en 1932, l\u2019association \u00ab&nbsp;l\u2019Encouragement Public&nbsp;\u00bb a pour objectifs&nbsp;: d\u2019exalter les nobles sentiments&#8230;<\/p>\n\t\t\t<\/div><!-- \/.latest-post-excerpt -->\n\t\t\t\n\t<footer class=\"liquid-lp-footer\">\n\t\t<a href=\"https:\/\/encouragement-public.org\/delegation-maroc\/compte-rendu-du-delegue-du-royaume-du-maroc-ceremonies-12-14-mars-2023\/\" class=\"btn btn-naked text-uppercase ltr-sp-1 size-sm font-weight-bold liquid-lp-read-more\">\n\t\t\t<span>\n\t\t\t\t<span class=\"btn-line btn-line-before\"><\/span>\n\t\t\t\t<span class=\"btn-txt\">Continuer la lecture<\/span>\n\t\t\t\t<span class=\"btn-line btn-line-after\"><\/span>\n\t\t\t<\/span>\n\t\t<\/a>\n\t<\/footer>\n\t\n<\/div><!-- \/.liquid-blog-item-inner --><\/article><\/div><div class=\"col-sm-12 masonry-item club-publications\"><article id=\"post-9798\" class=\"liquid-lp liquid-blog-item liquid-blog-item-split liquid-blog-scheme-dark liquid-blog-scheme-dark-alt post-9798 post type-post status-publish format-standard has-post-thumbnail hentry category-club-publications\"><figure class=\"liquid-lp-media \"  ><a  href=\"https:\/\/encouragement-public.org\/delegation-maroc\/le-club-amalgame-du-lfiam\/\"><img loading=\"lazy\" decoding=\"async\" width=\"570\" height=\"350\" src=\"https:\/\/encouragement-public.org\/delegation-maroc\/wp-content\/uploads\/sites\/19\/2021\/04\/Un-enfant-Une-Couverture-Le-Club-Amalgame-du-LFIAM-Lycee-Francais-international-Andre-Malrau-4-570x350.jpg\" class=\"attachment-liquid-split-blog size-liquid-split-blog wp-post-image\" alt=\"Un enfant Une Couverture ! Le Club Amalgame du LFIAM, Lyc\u00e9e Fran\u00e7ais international Andr\u00e9 Malrau\" srcset=\"https:\/\/encouragement-public.org\/delegation-maroc\/wp-content\/uploads\/sites\/19\/2021\/04\/Un-enfant-Une-Couverture-Le-Club-Amalgame-du-LFIAM-Lycee-Francais-international-Andre-Malrau-4-570x350.jpg 570w, https:\/\/encouragement-public.org\/delegation-maroc\/wp-content\/uploads\/sites\/19\/2021\/04\/Un-enfant-Une-Couverture-Le-Club-Amalgame-du-LFIAM-Lycee-Francais-international-Andre-Malrau-4-490x300.jpg 490w\" sizes=\"auto, (max-width: 570px) 100vw, 570px\" \/><\/a><\/figure>\n<div class=\"liquid-blog-item-inner\">\n\t<a  href=\"https:\/\/encouragement-public.org\/delegation-maroc\/le-club-amalgame-du-lfiam\/\" class=\"liquid-overlay-link\">Le Club Amalgame du LFIAM<\/a>\t<header class=\"liquid-lp-header\">\n\t\t<h2 class=\"liquid-lp-title font-weight-bold h3 size-md\">\n\t\t\t<a href=\"https:\/\/encouragement-public.org\/delegation-maroc\/le-club-amalgame-du-lfiam\/\" data-split-text=\"true\" data-split-options='{ \"type\": \"lines\" }'>Le Club Amalgame du LFIAM<\/a>\n\t\t<\/h2>\n\t\t<div class=\"liquid-lp-details liquid-lp-details-lined size-sm text-uppercase lp-sp-1\">\n\t\t\t<span><span class=\"screen-reader-text\">Tags <\/span><ul class=\"liquid-lp-category \"><li><a href=\"https:\/\/encouragement-public.org\/delegation-maroc\/category\/publications\/club-publications\/\" rel=\"category\">CLUB<\/a><\/li><\/ul><\/span>\t\t\t<time class=\"published updated liquid-lp-date\" datetime=\"2021-04-07T13:05:28+00:00\">avril 7, 2021<\/time>\t\t<\/div><!-- \/.liquid-lp-details -->\n\t<\/header>\n\t\n\t\t\t\t<div class=\"liquid-lp-excerpt entry-summary \">\n\t\t\t\t<p>Lyc\u00e9e Fran\u00e7ais international Andr\u00e9 Malraux                                                            <\/p>\n\t\t\t<\/div><!-- \/.latest-post-excerpt -->\n\t\t\t\n\t<footer class=\"liquid-lp-footer\">\n\t\t<a href=\"https:\/\/encouragement-public.org\/delegation-maroc\/le-club-amalgame-du-lfiam\/\" class=\"btn btn-naked text-uppercase ltr-sp-1 size-sm font-weight-bold liquid-lp-read-more\">\n\t\t\t<span>\n\t\t\t\t<span class=\"btn-line btn-line-before\"><\/span>\n\t\t\t\t<span class=\"btn-txt\">Continuer la lecture<\/span>\n\t\t\t\t<span class=\"btn-line btn-line-after\"><\/span>\n\t\t\t<\/span>\n\t\t<\/a>\n\t<\/footer>\n\t\n<\/div><!-- \/.liquid-blog-item-inner --><\/article><\/div><\/div><!--\/ .row --><\/div><!--\/ .liquid-blog-posts -->[\/vc_column][\/vc_row]<\/p>\n<\/div>","protected":false},"excerpt":{"rendered":"<p>[vc_row gap=&#8221;0&#8243; content_placement=&#8221;middle&#8221; sticky_row=&#8221;yes&#8221; disable_element=&#8221;yes&#8221; enable_row_shadowbox=&#8221;yes&#8221; row_box_shadow=&#8221;%5B%7B%7D%5D&#8221; css=&#8221;.vc_custom_1588472308984{background-color: #b50fd4 !important;}&#8221;][vc_column][\/vc_column][\/vc_row][vc_row parallax=&#8221;enable_parallax&#8221; bg_position=&#8221;right top&#8221; bg_attachment=&#8221;fixed&#8221; parallax_content=&#8221;parallax_content_value&#8221;&#8230;<\/p>\n","protected":false},"author":1,"featured_media":0,"parent":0,"menu_order":0,"comment_status":"closed","ping_status":"closed","template":"","meta":{"footnotes":""},"class_list":["post-7516","page","type-page","status-publish","hentry"],"yoast_head":"<!-- This site is optimized with the Yoast SEO plugin v27.5 - https:\/\/yoast.com\/product\/yoast-seo-wordpress\/ -->\n<title>PUBLICATIONS - D\u00e9l\u00e9gation Maroc<\/title>\n<meta name=\"robots\" content=\"index, follow, max-snippet:-1, max-image-preview:large, max-video-preview:-1\" \/>\n<link rel=\"canonical\" href=\"https:\/\/encouragement-public.org\/delegation-maroc\/publications\/\" \/>\n<meta property=\"og:locale\" content=\"fr_FR\" \/>\n<meta property=\"og:type\" content=\"article\" \/>\n<meta property=\"og:title\" content=\"PUBLICATIONS - D\u00e9l\u00e9gation Maroc\" \/>\n<meta property=\"og:description\" content=\"[vc_row gap=&#8221;0&#8243; content_placement=&#8221;middle&#8221; sticky_row=&#8221;yes&#8221; disable_element=&#8221;yes&#8221; enable_row_shadowbox=&#8221;yes&#8221; row_box_shadow=&#8221;%5B%7B%7D%5D&#8221; css=&#8221;.vc_custom_1588472308984{background-color: #b50fd4 !important;}&#8221;][vc_column][\/vc_column][\/vc_row][vc_row parallax=&#8221;enable_parallax&#8221; bg_position=&#8221;right top&#8221; bg_attachment=&#8221;fixed&#8221; parallax_content=&#8221;parallax_content_value&#8221;...\" \/>\n<meta property=\"og:url\" content=\"https:\/\/encouragement-public.org\/delegation-maroc\/publications\/\" \/>\n<meta property=\"og:site_name\" content=\"D\u00e9l\u00e9gation Maroc\" \/>\n<meta property=\"article:modified_time\" content=\"2021-04-07T19:24:41+00:00\" \/>\n<meta name=\"twitter:card\" content=\"summary_large_image\" \/>\n<meta name=\"twitter:label1\" content=\"Dur\u00e9e de lecture estim\u00e9e\" \/>\n\t<meta name=\"twitter:data1\" content=\"1 minute\" \/>\n<script type=\"application\/ld+json\" class=\"yoast-schema-graph\">{\"@context\":\"https:\\\/\\\/schema.org\",\"@graph\":[{\"@type\":\"WebPage\",\"@id\":\"https:\\\/\\\/encouragement-public.org\\\/delegation-maroc\\\/publications\\\/\",\"url\":\"https:\\\/\\\/encouragement-public.org\\\/delegation-maroc\\\/publications\\\/\",\"name\":\"PUBLICATIONS - D\u00e9l\u00e9gation Maroc\",\"isPartOf\":{\"@id\":\"https:\\\/\\\/encouragement-public.org\\\/delegation-maroc\\\/#website\"},\"datePublished\":\"2020-02-07T12:49:14+00:00\",\"dateModified\":\"2021-04-07T19:24:41+00:00\",\"breadcrumb\":{\"@id\":\"https:\\\/\\\/encouragement-public.org\\\/delegation-maroc\\\/publications\\\/#breadcrumb\"},\"inLanguage\":\"fr-FR\",\"potentialAction\":[{\"@type\":\"ReadAction\",\"target\":[\"https:\\\/\\\/encouragement-public.org\\\/delegation-maroc\\\/publications\\\/\"]}]},{\"@type\":\"BreadcrumbList\",\"@id\":\"https:\\\/\\\/encouragement-public.org\\\/delegation-maroc\\\/publications\\\/#breadcrumb\",\"itemListElement\":[{\"@type\":\"ListItem\",\"position\":1,\"name\":\"Accueil\",\"item\":\"https:\\\/\\\/encouragement-public.org\\\/delegation-maroc\\\/\"},{\"@type\":\"ListItem\",\"position\":2,\"name\":\"PUBLICATIONS\"}]},{\"@type\":\"WebSite\",\"@id\":\"https:\\\/\\\/encouragement-public.org\\\/delegation-maroc\\\/#website\",\"url\":\"https:\\\/\\\/encouragement-public.org\\\/delegation-maroc\\\/\",\"name\":\"D\u00e9l\u00e9gation Maroc\",\"description\":\"Savoir r\u00e9compenser le m\u00e9rite\",\"potentialAction\":[{\"@type\":\"SearchAction\",\"target\":{\"@type\":\"EntryPoint\",\"urlTemplate\":\"https:\\\/\\\/encouragement-public.org\\\/delegation-maroc\\\/?s={search_term_string}\"},\"query-input\":{\"@type\":\"PropertyValueSpecification\",\"valueRequired\":true,\"valueName\":\"search_term_string\"}}],\"inLanguage\":\"fr-FR\"}]}<\/script>\n<!-- \/ Yoast SEO plugin. -->","yoast_head_json":{"title":"PUBLICATIONS - D\u00e9l\u00e9gation Maroc","robots":{"index":"index","follow":"follow","max-snippet":"max-snippet:-1","max-image-preview":"max-image-preview:large","max-video-preview":"max-video-preview:-1"},"canonical":"https:\/\/encouragement-public.org\/delegation-maroc\/publications\/","og_locale":"fr_FR","og_type":"article","og_title":"PUBLICATIONS - D\u00e9l\u00e9gation Maroc","og_description":"[vc_row gap=&#8221;0&#8243; content_placement=&#8221;middle&#8221; sticky_row=&#8221;yes&#8221; disable_element=&#8221;yes&#8221; enable_row_shadowbox=&#8221;yes&#8221; row_box_shadow=&#8221;%5B%7B%7D%5D&#8221; css=&#8221;.vc_custom_1588472308984{background-color: #b50fd4 !important;}&#8221;][vc_column][\/vc_column][\/vc_row][vc_row parallax=&#8221;enable_parallax&#8221; bg_position=&#8221;right top&#8221; bg_attachment=&#8221;fixed&#8221; parallax_content=&#8221;parallax_content_value&#8221;...","og_url":"https:\/\/encouragement-public.org\/delegation-maroc\/publications\/","og_site_name":"D\u00e9l\u00e9gation Maroc","article_modified_time":"2021-04-07T19:24:41+00:00","twitter_card":"summary_large_image","twitter_misc":{"Dur\u00e9e de lecture estim\u00e9e":"1 minute"},"schema":{"@context":"https:\/\/schema.org","@graph":[{"@type":"WebPage","@id":"https:\/\/encouragement-public.org\/delegation-maroc\/publications\/","url":"https:\/\/encouragement-public.org\/delegation-maroc\/publications\/","name":"PUBLICATIONS - D\u00e9l\u00e9gation Maroc","isPartOf":{"@id":"https:\/\/encouragement-public.org\/delegation-maroc\/#website"},"datePublished":"2020-02-07T12:49:14+00:00","dateModified":"2021-04-07T19:24:41+00:00","breadcrumb":{"@id":"https:\/\/encouragement-public.org\/delegation-maroc\/publications\/#breadcrumb"},"inLanguage":"fr-FR","potentialAction":[{"@type":"ReadAction","target":["https:\/\/encouragement-public.org\/delegation-maroc\/publications\/"]}]},{"@type":"BreadcrumbList","@id":"https:\/\/encouragement-public.org\/delegation-maroc\/publications\/#breadcrumb","itemListElement":[{"@type":"ListItem","position":1,"name":"Accueil","item":"https:\/\/encouragement-public.org\/delegation-maroc\/"},{"@type":"ListItem","position":2,"name":"PUBLICATIONS"}]},{"@type":"WebSite","@id":"https:\/\/encouragement-public.org\/delegation-maroc\/#website","url":"https:\/\/encouragement-public.org\/delegation-maroc\/","name":"D\u00e9l\u00e9gation Maroc","description":"Savoir r\u00e9compenser le m\u00e9rite","potentialAction":[{"@type":"SearchAction","target":{"@type":"EntryPoint","urlTemplate":"https:\/\/encouragement-public.org\/delegation-maroc\/?s={search_term_string}"},"query-input":{"@type":"PropertyValueSpecification","valueRequired":true,"valueName":"search_term_string"}}],"inLanguage":"fr-FR"}]}},"_links":{"self":[{"href":"https:\/\/encouragement-public.org\/delegation-maroc\/wp-json\/wp\/v2\/pages\/7516","targetHints":{"allow":["GET"]}}],"collection":[{"href":"https:\/\/encouragement-public.org\/delegation-maroc\/wp-json\/wp\/v2\/pages"}],"about":[{"href":"https:\/\/encouragement-public.org\/delegation-maroc\/wp-json\/wp\/v2\/types\/page"}],"author":[{"embeddable":true,"href":"https:\/\/encouragement-public.org\/delegation-maroc\/wp-json\/wp\/v2\/users\/1"}],"replies":[{"embeddable":true,"href":"https:\/\/encouragement-public.org\/delegation-maroc\/wp-json\/wp\/v2\/comments?post=7516"}],"version-history":[{"count":3,"href":"https:\/\/encouragement-public.org\/delegation-maroc\/wp-json\/wp\/v2\/pages\/7516\/revisions"}],"predecessor-version":[{"id":9816,"href":"https:\/\/encouragement-public.org\/delegation-maroc\/wp-json\/wp\/v2\/pages\/7516\/revisions\/9816"}],"wp:attachment":[{"href":"https:\/\/encouragement-public.org\/delegation-maroc\/wp-json\/wp\/v2\/media?parent=7516"}],"curies":[{"name":"wp","href":"https:\/\/api.w.org\/{rel}","templated":true}]}}